{"id":2601,"date":"2025-10-07T11:06:16","date_gmt":"2025-10-07T15:06:16","guid":{"rendered":"https:\/\/twmg.net\/wealth\/?page_id=2601"},"modified":"2025-10-10T07:46:09","modified_gmt":"2025-10-10T11:46:09","slug":"interruption-postes-canada","status":"publish","type":"page","link":"https:\/\/twmg.net\/wealth\/fr\/interruption-postes-canada","title":{"rendered":"Interruption Postes Canada"},"content":{"rendered":"\n<figure class=\"wp-block-image size-full\"><img loading=\"lazy\" width=\"50\" height=\"41\" src=\"https:\/\/twmg.net\/wealth\/wp-content\/uploads\/2025\/09\/checkbox-1.jpg\" alt=\"\" class=\"wp-image-2578\"\/><\/figure>\n\n\n\n<p><strong>Nous sommes l\u00e0 pour aider nos clients \u00e0 traverser l\u2019interruption des services de Postes Canada.<\/strong><\/p>\n\n\n\n<p>Pendant l\u2019interruption du service de Postes Canada, vous aurez du mal \u00e0 recevoir les documents en format de papier de TWMG Inc. ou de votre repr\u00e9sentant et que ces documents peuvent \u00eatre envoy\u00e9s en utilisant une autre option de livraison de documents.<\/p>\n\n\n\n<p>Veuillez contacter TWMG Inc. ou votre repr\u00e9sentant pour plus d\u2019informations.<\/p>\n\n\n\n<p><strong>Obtenir vos relev\u00e9s de compte<\/strong><\/p>\n\n\n\n<ul><li>Les relev\u00e9s de compte seront envoy\u00e9s par la poste une fois que le probl\u00e8me aura \u00e9t\u00e9 r\u00e9solu. Vous devrez patienter avant de recevoir votre relev\u00e9 de compte papier.<\/li><li>Communiquer avec votre repr\u00e9sentant et inscrivez-vous au service de livraison \u00e9lectronique en soumettant un formulaire de consentement \u00e9lectronique.<\/li><li>Communiquer avec TWMG Inc. au 514-345-8880 ou avec votre repr\u00e9sentant, et vous pourrez obtenir votre relev\u00e9 de compte par t\u00e9l\u00e9copieur ou par courriel s\u00e9curis\u00e9.<\/li><li>Si vous avez un besoin urgent de votre relev\u00e9 de compte, veuillez communiquez avec votre repr\u00e9sentant et vous pourrez recevoir votre relev\u00e9 de compte par service de messagerie, \u00e0 votre discr\u00e9tion et \u00e0 vos frais.<\/li><\/ul>\n\n\n\n<p><strong>Obtenir vos aper\u00e7us des fonds<\/strong><\/p>\n\n\n\n<p>Les aper\u00e7us des fonds constituent un document important avant d&#8217;investir dans un fonds. L\u2019aper\u00e7u du fonds pr\u00e9sente des renseignements essentiels sur nos produits de placement pour les investisseurs, notamment le rendement, le risque et les co\u00fbts li\u00e9s \u00e0 l\u2019achat et la d\u00e9tention d\u2019un fonds.<\/p>\n\n\n\n<ul><li>Communiquer avec votre repr\u00e9sentant, et vous pourrez obtenir vos aper\u00e7us des fonds par t\u00e9l\u00e9copieur ou par courriel, avant d&#8217;investir.<\/li><li>Communiquer avec votre repr\u00e9sentant et inscrivez-vous au service de livraison \u00e9lectronique en soumettant un formulaire de consentement \u00e9lectronique, avant d&#8217;investir.<\/li><li>Si vous avez un besoin urgent de vos aper\u00e7us des fonds, veuillez communiquez avec votre repr\u00e9sentant et vous pourrez recevoir vos aper\u00e7us des fonds par service de messagerie, , \u00e0 votre discr\u00e9tion et \u00e0 vos frais, avant d&#8217;investir.<\/li><\/ul>\n\n\n\n<p><strong>Obtenir d&#8217;autres documents<\/strong><\/p>\n\n\n\n<p>Les autres documents peuvent inclure des copies de vos demandes d&#8217;ouverture du compte, formulaires et autres documents administratifs.<\/p>\n\n\n\n<ul><li>Les documents seront envoy\u00e9s par la poste une fois que le probl\u00e8me aura \u00e9t\u00e9 r\u00e9solu. Vous devrez patienter avant de recevoir vos documents.<\/li><li>Communiquer avec TWMG Inc. au 514-345-8880 ou avec votre repr\u00e9sentant, et vous pourrez obtenir vos documents par t\u00e9l\u00e9copieur ou par courriel s\u00e9curis\u00e9.<\/li><li>Si vous avez un besoin urgent de vos documents, veuillez communiquez avec votre repr\u00e9sentant et vous pourrez recevoir vos documents par service de messagerie, \u00e0 votre discr\u00e9tion et \u00e0 vos frais.<\/li><\/ul>\n","protected":false},"excerpt":{"rendered":"<p>Nous sommes l\u00e0 pour aider nos clients \u00e0 traverser l\u2019interruption des services de Postes Canada.&hellip;<\/p>\n","protected":false},"author":1,"featured_media":0,"parent":0,"menu_order":0,"comment_status":"closed","ping_status":"closed","template":"","meta":[],"_links":{"self":[{"href":"https:\/\/twmg.net\/wealth\/wp-json\/wp\/v2\/pages\/2601"}],"collection":[{"href":"https:\/\/twmg.net\/wealth\/wp-json\/wp\/v2\/pages"}],"about":[{"href":"https:\/\/twmg.net\/wealth\/wp-json\/wp\/v2\/types\/page"}],"author":[{"embeddable":true,"href":"https:\/\/twmg.net\/wealth\/wp-json\/wp\/v2\/users\/1"}],"replies":[{"embeddable":true,"href":"https:\/\/twmg.net\/wealth\/wp-json\/wp\/v2\/comments?post=2601"}],"version-history":[{"count":10,"href":"https:\/\/twmg.net\/wealth\/wp-json\/wp\/v2\/pages\/2601\/revisions"}],"predecessor-version":[{"id":2651,"href":"https:\/\/twmg.net\/wealth\/wp-json\/wp\/v2\/pages\/2601\/revisions\/2651"}],"wp:attachment":[{"href":"https:\/\/twmg.net\/wealth\/wp-json\/wp\/v2\/media?parent=2601"}],"curies":[{"name":"wp","href":"https:\/\/api.w.org\/{rel}","templated":true}]}}