{"id":2002,"date":"2022-05-27T10:07:18","date_gmt":"2022-05-27T14:07:18","guid":{"rendered":"https:\/\/twmg.net\/wealth\/?page_id=2002"},"modified":"2022-05-27T10:07:19","modified_gmt":"2022-05-27T14:07:19","slug":"fiscalite","status":"publish","type":"page","link":"https:\/\/twmg.net\/wealth\/fr\/fiscalite","title":{"rendered":"Fiscalit\u00e9"},"content":{"rendered":"\n<figure class=\"wp-block-image size-full\"><img loading=\"lazy\" width=\"720\" height=\"150\" src=\"https:\/\/twmg.net\/wealth\/wp-content\/uploads\/2022\/05\/news.jpg\" alt=\"\" class=\"wp-image-1973\"\/><\/figure>\n\n\n<ul class=\"wp-block-latest-posts__list wp-block-latest-posts\"><li><a href=\"https:\/\/twmg.net\/wealth\/fr\/twmg\/2486\">ARC Arnaques et fraudes<\/a><div class=\"wp-block-latest-posts__post-excerpt\">Signes d\u2019une possible arnaque Source: Agence du revenu du Canada Les arnaqueurs communiquent souvent avec&hellip;<\/div><\/li>\n<li><a href=\"https:\/\/twmg.net\/wealth\/fr\/twmg\/2335\">La p\u00e9riode de production des d\u00e9clarations de revenus de 2023<\/a><div class=\"wp-block-latest-posts__post-excerpt\">Source: Agence de Revenu du Canada &#8211; https:\/\/www.canada.ca\/fr\/agence-revenu\/nouvelles\/salle-presse\/conseils-fiscaux\/conseils-fiscaux-2023\/vous-devez-savoir-pour-periode-production-declarations-revenus-2023.html Dates limites de production et de paiement&hellip;<\/div><\/li>\n<li><a href=\"https:\/\/twmg.net\/wealth\/fr\/twmg\/2208\">Fiscalit\u00e9 pour 2023<\/a><div class=\"wp-block-latest-posts__post-excerpt\">Seuils des tranches d&#8217;imposition Revenu imposable au-del\u00e0 duquel le taux de 20,5 % s&#8217;applique 53&hellip;<\/div><\/li>\n<li><a href=\"https:\/\/twmg.net\/wealth\/fr\/twmg\/1493\">ARC D\u00e9penses de travail \u00e0 domicile pour les employ\u00e9s<\/a><div class=\"wp-block-latest-posts__post-excerpt\">En tant qu\u2019employ\u00e9, vous pourriez avoir droit une d\u00e9duction pour certains frais de bureau \u00e0&hellip;<\/div><\/li>\n<li><a href=\"https:\/\/twmg.net\/wealth\/fr\/twmg\/1557\">La date limite de production des d\u00e9clarations de revenus sera report\u00e9e au 1er juin 2020<\/a><div class=\"wp-block-latest-posts__post-excerpt\">REVENU QU\u00c9BEC Mesures d\u2019assouplissement pour les citoyens et les entreprises Qu\u00e9bec, le 17&nbsp;mars&nbsp;2020. \u2013&nbsp;Afin de&hellip;<\/div><\/li>\n<li><a href=\"https:\/\/twmg.net\/wealth\/fr\/twmg\/1581\">Conseils de planification fiscale de fin d\u2019ann\u00e9e 2018<\/a><div class=\"wp-block-latest-posts__post-excerpt\">Comme le 31 d\u00e9cembre approche \u00e0 grands pas, c\u2019est le bon moment pour examiner certaines&hellip;<\/div><\/li>\n<li><a href=\"https:\/\/twmg.net\/wealth\/fr\/twmg\/1605\">Budget f\u00e9d\u00e9ral 2018<\/a><div class=\"wp-block-latest-posts__post-excerpt\">Le 27 f\u00e9vrier 2018, le gouvernement lib\u00e9ral f\u00e9d\u00e9ral a d\u00e9pos\u00e9 son troisi\u00e8me budget annuel, intitul\u00e9&hellip;<\/div><\/li>\n<li><a href=\"https:\/\/twmg.net\/wealth\/fr\/twmg\/1615\">Passer \u00e0 l\u2019action : Propositions fiscales relatives aux SPCC Ce que vous devez savoir<\/a><div class=\"wp-block-latest-posts__post-excerpt\">Le 18 juillet 2017, le minist\u00e8re des Finances a annonc\u00e9 des propositions visant \u00e0 modifier&hellip;<\/div><\/li>\n<li><a href=\"https:\/\/twmg.net\/wealth\/fr\/twmg\/1637\">Budget 2017 du Qu\u00e9bec<\/a><div class=\"wp-block-latest-posts__post-excerpt\">Le ministre des Finances, monsieur Carlos Leit\u00e3o, a prononc\u00e9 son discours sur le budget 2017-2018&hellip;<\/div><\/li>\n<li><a href=\"https:\/\/twmg.net\/wealth\/fr\/twmg\/1639\">Budget f\u00e9d\u00e9ral 2017<\/a><div class=\"wp-block-latest-posts__post-excerpt\">Aper\u00e7u de l\u2019incidence du budget sur vous et votre entreprise. Lire l\u2019analyse du budget f\u00e9d\u00e9ral&hellip;<\/div><\/li>\n<li><a href=\"https:\/\/twmg.net\/wealth\/fr\/twmg\/1653\">Cr\u00e9dit d\u2019imp\u00f4t bas\u00e9 sur le revenu fractionn\u00e9<\/a><div class=\"wp-block-latest-posts__post-excerpt\">Pr\u00e9sentement, un cr\u00e9dit d\u2019imp\u00f4t non remboursable bas\u00e9 sur le revenu fractionn\u00e9 (Baisse d\u2019imp\u00f4t pour les&hellip;<\/div><\/li>\n<li><a href=\"https:\/\/twmg.net\/wealth\/fr\/twmg\/1651\">Cr\u00e9dits d\u2019imp\u00f4t pour \u00e9tudes et pour manuels pour l&#8217;ann\u00e9e 2017<\/a><div class=\"wp-block-latest-posts__post-excerpt\">Le Budget 2016 propose de supprimer, \u00e0 compter du 1er janvier 2017, les cr\u00e9dits d\u2019imp\u00f4t&hellip;<\/div><\/li>\n<li><a href=\"https:\/\/twmg.net\/wealth\/fr\/twmg\/1649\">D\u00e9claration de la vente d\u2019une r\u00e9sidence principale pour les particuliers<\/a><div class=\"wp-block-latest-posts__post-excerpt\">D\u00e9claration de la vente d\u2019une r\u00e9sidence principale pour les particuliers (sauf les fiducies) Le 3&hellip;<\/div><\/li>\n<\/ul>","protected":false},"excerpt":{"rendered":"","protected":false},"author":1,"featured_media":0,"parent":0,"menu_order":0,"comment_status":"closed","ping_status":"closed","template":"","meta":[],"_links":{"self":[{"href":"https:\/\/twmg.net\/wealth\/wp-json\/wp\/v2\/pages\/2002"}],"collection":[{"href":"https:\/\/twmg.net\/wealth\/wp-json\/wp\/v2\/pages"}],"about":[{"href":"https:\/\/twmg.net\/wealth\/wp-json\/wp\/v2\/types\/page"}],"author":[{"embeddable":true,"href":"https:\/\/twmg.net\/wealth\/wp-json\/wp\/v2\/users\/1"}],"replies":[{"embeddable":true,"href":"https:\/\/twmg.net\/wealth\/wp-json\/wp\/v2\/comments?post=2002"}],"version-history":[{"count":1,"href":"https:\/\/twmg.net\/wealth\/wp-json\/wp\/v2\/pages\/2002\/revisions"}],"predecessor-version":[{"id":2003,"href":"https:\/\/twmg.net\/wealth\/wp-json\/wp\/v2\/pages\/2002\/revisions\/2003"}],"wp:attachment":[{"href":"https:\/\/twmg.net\/wealth\/wp-json\/wp\/v2\/media?parent=2002"}],"curies":[{"name":"wp","href":"https:\/\/api.w.org\/{rel}","templated":true}]}}