{"id":1984,"date":"2022-05-27T09:59:35","date_gmt":"2022-05-27T13:59:35","guid":{"rendered":"https:\/\/twmg.net\/wealth\/?page_id=1984"},"modified":"2022-05-27T10:10:51","modified_gmt":"2022-05-27T14:10:51","slug":"investissements","status":"publish","type":"page","link":"https:\/\/twmg.net\/wealth\/fr\/investissements","title":{"rendered":"Investissements"},"content":{"rendered":"\n<figure class=\"wp-block-image size-full\"><img loading=\"lazy\" width=\"720\" height=\"150\" src=\"https:\/\/twmg.net\/wealth\/wp-content\/uploads\/2022\/05\/news.jpg\" alt=\"\" class=\"wp-image-1973\"\/><\/figure>\n\n\n<ul class=\"wp-block-latest-posts__list wp-block-latest-posts\"><li><a href=\"https:\/\/twmg.net\/wealth\/fr\/twmg\/2553\">Mise \u00e0 jour du march\u00e9 pour ao\u00fbt 2025<\/a><div class=\"wp-block-latest-posts__post-excerpt\">Les investisseurs ont de nouveau fait grimper les indices boursiers am\u00e9ricains et canadiens en juillet,&hellip;<\/div><\/li>\n<li><a href=\"https:\/\/twmg.net\/wealth\/fr\/twmg\/2507\">\u00ab Jour de la lib\u00e9ration \u00bb : garder les yeux sur la balle<\/a><div class=\"wp-block-latest-posts__post-excerpt\">Soure: iA Gestion mondiales d&#8217;actifs Le \u00ab Jour de la lib\u00e9ration \u00bb du pr\u00e9sident Trump&hellip;<\/div><\/li>\n<li><a href=\"https:\/\/twmg.net\/wealth\/fr\/twmg\/2450\">Ce que la victoire de Donald Trump pourrait signifier pour les march\u00e9s et l\u2019\u00e9conomie<\/a><div class=\"wp-block-latest-posts__post-excerpt\">Source: Invesco Canada Maintenant que les \u00e9lections sont termin\u00e9es et que l\u2019entr\u00e9e en fonction de&hellip;<\/div><\/li>\n<li><a href=\"https:\/\/twmg.net\/wealth\/fr\/twmg\/2441\">Comment le march\u00e9 r\u00e9agira-t-il lorsque la Fed abaissera les taux d\u2019int\u00e9r\u00eat?<\/a><div class=\"wp-block-latest-posts__post-excerpt\">Source Invesco Canada Au cours des derni\u00e8res semaines, il m\u2019est apparu \u00e9vident que les \u00c9tats-Unis&hellip;<\/div><\/li>\n<li><a href=\"https:\/\/twmg.net\/wealth\/fr\/twmg\/2410\">Tout ce que vous devez savoir sur la volatilit\u00e9 des march\u00e9s<\/a><div class=\"wp-block-latest-posts__post-excerpt\">Source: Fidelity Investments Canada Qu\u2019est-ce que la volatilit\u00e9 des march\u00e9s? La volatilit\u00e9 des march\u00e9s boursiers&hellip;<\/div><\/li>\n<li><a href=\"https:\/\/twmg.net\/wealth\/fr\/twmg\/2341\">Les march\u00e9s &#8211; Mars 2024<\/a><div class=\"wp-block-latest-posts__post-excerpt\">Le vigoureux d\u00e9but de l\u2019ann\u00e9e 2024 s\u2019est poursuivi pour les investisseurs en f\u00e9vrier, les actions&hellip;<\/div><\/li>\n<li><a href=\"https:\/\/twmg.net\/wealth\/fr\/twmg\/2327\">Sept raisons d\u2019\u00eatre optimistes \u00e0 l&#8217;\u00e9gard de l&#8217;\u00e9conomie mondiale<\/a><div class=\"wp-block-latest-posts__post-excerpt\">Source: Invesco Canada &#8211; https:\/\/www.invesco.com\/ca\/fr\/points-de-vue\/sept-raisons-optimistes-economie%20mondiale.html Points importants \u00e0 retenir La d\u00e9sinflation se poursuit aux \u00c9tats-UnisL\u2019indice&hellip;<\/div><\/li>\n<li><a href=\"https:\/\/twmg.net\/wealth\/fr\/twmg\/2318\">\u00c9volutions du march\u00e9 octobre 2023<\/a><div class=\"wp-block-latest-posts__post-excerpt\">En octobre, les march\u00e9s financiers sont rest\u00e9s faibles, les investisseurs ayant r\u00e9agi avec prudence aux&hellip;<\/div><\/li>\n<li><a href=\"https:\/\/twmg.net\/wealth\/fr\/twmg\/2262\">\u00c9volutions du march\u00e9 mai 2023<\/a><div class=\"wp-block-latest-posts__post-excerpt\">Source: CI Global asset Management Le d\u00e9but prometteur de l\u2019ann\u00e9e 2023 s\u2019est poursuivi pour les&hellip;<\/div><\/li>\n<li><a href=\"https:\/\/twmg.net\/wealth\/fr\/twmg\/2237\">Ce que les investisseurs doivent savoir sur l\u2019agitation des banques aux \u00c9tats-Unis qui secoue les march\u00e9<\/a><div class=\"wp-block-latest-posts__post-excerpt\">Source: Invesco canada Ltd.Brian Levitt, Strat\u00e8ge des march\u00e9s mondiaux Les cycles de resserrement de la&hellip;<\/div><\/li>\n<li><a href=\"https:\/\/twmg.net\/wealth\/fr\/twmg\/2171\">Tout ce que vous devez savoir sur la volatilit\u00e9 des march\u00e9s<\/a><div class=\"wp-block-latest-posts__post-excerpt\">Source: Fidelity Investments Canada Qu\u2019est-ce que la volatilit\u00e9 des march\u00e9s? La volatilit\u00e9 des march\u00e9s boursiers&hellip;<\/div><\/li>\n<li><a href=\"https:\/\/twmg.net\/wealth\/fr\/twmg\/2022\">Comment faire fructifier votre argent au fil du temps? Investissez le plus t\u00f4t possible.<\/a><div class=\"wp-block-latest-posts__post-excerpt\">Combien d\u2019argent suppl\u00e9mentaire auriez-vous dans votre compte bancaire si vous aviez commenc\u00e9 \u00e0 investir plus&hellip;<\/div><\/li>\n<li><a href=\"https:\/\/twmg.net\/wealth\/fr\/twmg\/1480\">Lire le Rapport 2021 sur la retraite<\/a><div class=\"wp-block-latest-posts__post-excerpt\">Le Rapport 2021 de Fidelity sur la retraite accompagne les Canadiens dans leurs r\u00e9flexions sur&hellip;<\/div><\/li>\n<li><a href=\"https:\/\/twmg.net\/wealth\/fr\/twmg\/1484\">Mise en garde des ACVM \u00e0 l\u2019intention des investisseurs : des fraudes \u00e0 l\u2019investissement imitant des entreprises financi\u00e8res bien connues<\/a><div class=\"wp-block-latest-posts__post-excerpt\">Toronto&nbsp;\u2013&nbsp;Les Autorit\u00e9s canadiennes en valeurs mobili\u00e8res (ACVM) mettent le public en garde contre des fraudeurs&hellip;<\/div><\/li>\n<li><a href=\"https:\/\/twmg.net\/wealth\/fr\/twmg\/1486\">Fidelity Avis aux investisseurs \u2013 Documents frauduleux<\/a><div class=\"wp-block-latest-posts__post-excerpt\">MAI 2021 Fidelity a \u00e9t\u00e9 inform\u00e9e de l\u2019existence de documents frauduleux (repr\u00e9sent\u00e9s ci-dessous) cr\u00e9\u00e9s par&hellip;<\/div><\/li>\n<li><a href=\"https:\/\/twmg.net\/wealth\/fr\/twmg\/1555\">Les march\u00e9s financiers ont pr\u00e9sent\u00e9 un niveau \u00e9lev\u00e9 de volatilit\u00e9.<\/a><div class=\"wp-block-latest-posts__post-excerpt\">Les march\u00e9s financiers ont pr\u00e9sent\u00e9 un niveau \u00e9lev\u00e9 de volatilit\u00e9 au cours des derni\u00e8res semaines,&hellip;<\/div><\/li>\n<li><a href=\"https:\/\/twmg.net\/wealth\/fr\/twmg\/1559\">Les montagnes russes vous donnent le vertige?<\/a><div class=\"wp-block-latest-posts__post-excerpt\">Il n\u2019est pas facile de surveiller les fluctuations des march\u00e9s. Toutefois, les investisseurs seront r\u00e9compens\u00e9s&hellip;<\/div><\/li>\n<li><a href=\"https:\/\/twmg.net\/wealth\/fr\/twmg\/1564\">Le coronavirus perturbe nos perspectives pour l\u2019ann\u00e9e 2020. Mais peut-\u00eatre pas pour longtemps.<\/a><div class=\"wp-block-latest-posts__post-excerpt\">L\u2019encre de notre document Perspectives de 2020 vient \u00e0 peine de s\u00e9cher. Dans ce document,&hellip;<\/div><\/li>\n<li><a href=\"https:\/\/twmg.net\/wealth\/fr\/twmg\/1568\">Aujourd\u2019hui, la plan\u00e8te est aux prises avec de nombreux d\u00e9fis mondiaux.<\/a><div class=\"wp-block-latest-posts__post-excerpt\">Aujourd\u2019hui, la plan\u00e8te est aux prises avec de nombreux d\u00e9fis mondiaux, y compris ceux qui&hellip;<\/div><\/li>\n<li><a href=\"https:\/\/twmg.net\/wealth\/fr\/twmg\/1589\">Les risques commerciaux exacerbent les  pressions de fin de cycle<\/a><div class=\"wp-block-latest-posts__post-excerpt\">Les risques commerciaux exacerbent les pressions de fin de cycleAux \u00c9tats-Unis et dans le monde,&hellip;<\/div><\/li>\n<li><a href=\"https:\/\/twmg.net\/wealth\/fr\/twmg\/1591\">Sondage 2018 de Fidelity sur la retraite<\/a><div class=\"wp-block-latest-posts__post-excerpt\">La retraite est l\u2019occasion r\u00eav\u00e9e de partir \u00e0 la d\u00e9couverte et de vivre les exp\u00e9riences&hellip;<\/div><\/li>\n<li><a href=\"https:\/\/twmg.net\/wealth\/fr\/twmg\/1607\">Le\u00e7ons \u00e0 tirer de la chute g\u00e9n\u00e9ralis\u00e9e des cours boursiers<\/a><div class=\"wp-block-latest-posts__post-excerpt\">Kristina HooperStrat\u00e8ge des march\u00e9s mondiaux, Invesco Ltd. La semaine derni\u00e8re s\u2019est termin\u00e9e sur une mauvaise&hellip;<\/div><\/li>\n<li><a href=\"https:\/\/twmg.net\/wealth\/fr\/twmg\/1617\">Le moment pourrait \u00eatre propice pour accro\u00eetre l&#8217;exposition aux actions internationales<\/a><div class=\"wp-block-latest-posts__post-excerpt\">Le moment pourrait \u00eatre propice pour accro\u00eetre l\u2019exposition aux actions internationales Les renseignements fournis aux&hellip;<\/div><\/li>\n<li><a href=\"https:\/\/twmg.net\/wealth\/fr\/twmg\/1627\">Nos solutions bancaires<\/a><div class=\"wp-block-latest-posts__post-excerpt\">Un compte bancaire qui vous fait \u00e9pargner davantage. Communiquer avec votre conseiller et d\u00e9couvrir nos&hellip;<\/div><\/li>\n<li><a href=\"https:\/\/twmg.net\/wealth\/fr\/twmg\/1633\">L\u2019\u00e9volution de l\u2019investissement durable<\/a><div class=\"wp-block-latest-posts__post-excerpt\">La croissance des titres d\u2019investissement durable, conjugu\u00e9e \u00e0 une sensibilisation accrue au sein des entreprises&hellip;<\/div><\/li>\n<li><a href=\"https:\/\/twmg.net\/wealth\/fr\/twmg\/1645\">Bien vieillir<\/a><div class=\"wp-block-latest-posts__post-excerpt\">Renseignez-vous sur les facteurs \u00e0 consid\u00e9rer lorsque vous songez aux objectifs de vos proches en&hellip;<\/div><\/li>\n<li><a href=\"https:\/\/twmg.net\/wealth\/fr\/twmg\/1659\">Comment les conseillers sont r\u00e9mum\u00e9r\u00e9s<\/a><div class=\"wp-block-latest-posts__post-excerpt\">Bon nombre de Canadiens reconnaissent qu\u2019ils ne savent pas exactement comment leur conseiller est r\u00e9mun\u00e9r\u00e9.<\/div><\/li>\n<li><a href=\"https:\/\/twmg.net\/wealth\/fr\/twmg\/1657\">Des occasions a ne pas manquer<\/a><div class=\"wp-block-latest-posts__post-excerpt\">Selon les \u00e9tudes, conserver ses placements peut \u00eatre rentable \u00e0 long terme, et ce, malgr\u00e9&hellip;<\/div><\/li>\n<\/ul>","protected":false},"excerpt":{"rendered":"","protected":false},"author":1,"featured_media":0,"parent":0,"menu_order":0,"comment_status":"closed","ping_status":"closed","template":"","meta":[],"_links":{"self":[{"href":"https:\/\/twmg.net\/wealth\/wp-json\/wp\/v2\/pages\/1984"}],"collection":[{"href":"https:\/\/twmg.net\/wealth\/wp-json\/wp\/v2\/pages"}],"about":[{"href":"https:\/\/twmg.net\/wealth\/wp-json\/wp\/v2\/types\/page"}],"author":[{"embeddable":true,"href":"https:\/\/twmg.net\/wealth\/wp-json\/wp\/v2\/users\/1"}],"replies":[{"embeddable":true,"href":"https:\/\/twmg.net\/wealth\/wp-json\/wp\/v2\/comments?post=1984"}],"version-history":[{"count":2,"href":"https:\/\/twmg.net\/wealth\/wp-json\/wp\/v2\/pages\/1984\/revisions"}],"predecessor-version":[{"id":2010,"href":"https:\/\/twmg.net\/wealth\/wp-json\/wp\/v2\/pages\/1984\/revisions\/2010"}],"wp:attachment":[{"href":"https:\/\/twmg.net\/wealth\/wp-json\/wp\/v2\/media?parent=1984"}],"curies":[{"name":"wp","href":"https:\/\/api.w.org\/{rel}","templated":true}]}}