{"id":1979,"date":"2022-05-27T09:56:57","date_gmt":"2022-05-27T13:56:57","guid":{"rendered":"https:\/\/twmg.net\/wealth\/?page_id=1979"},"modified":"2022-05-27T10:08:18","modified_gmt":"2022-05-27T14:08:18","slug":"actualites-generales","status":"publish","type":"page","link":"https:\/\/twmg.net\/wealth\/fr\/actualites-generales","title":{"rendered":"Actualit\u00e9s generales"},"content":{"rendered":"\n<p><a href=\"https:\/\/twmg.net\/wealth\/wp-admin\/edit.php?post_type=page\"><\/a><\/p>\n\n\n\n<figure class=\"wp-block-image size-full\"><img loading=\"lazy\" width=\"720\" height=\"150\" src=\"https:\/\/twmg.net\/wealth\/wp-content\/uploads\/2022\/05\/news.jpg\" alt=\"\" class=\"wp-image-1973\"\/><\/figure>\n\n\n<ul class=\"wp-block-latest-posts__list wp-block-latest-posts\"><li><a href=\"https:\/\/twmg.net\/wealth\/fr\/twmg\/2724\">Budget Qu\u00e9bec 2026<\/a><div class=\"wp-block-latest-posts__post-excerpt\">Source: Gouvernement du Qu\u00e9bec Mot Mot du ministre des Finances Nous traversons actuellement une p\u00e9riode&hellip;<\/div><\/li>\n<li><a href=\"https:\/\/twmg.net\/wealth\/fr\/twmg\/2679\">De faux sites web ou courriels ciblent les identifiants des clients<\/a><div class=\"wp-block-latest-posts__post-excerpt\">Nous lan\u00e7ons une alerte \u00e0 la s\u00e9curit\u00e9 concernant une augmentation r\u00e9cente de signalements de faux&hellip;<\/div><\/li>\n<li><a href=\"https:\/\/twmg.net\/wealth\/fr\/twmg\/2659\">Budget f\u00e9d\u00e9ral 2025<\/a><div class=\"wp-block-latest-posts__post-excerpt\">Gouvernement du Canada: Lire la version PDF budget f\u00e9d\u00e9ral 2025 Budget f\u00e9d\u00e9ral 2025 \u2013 Principales&hellip;<\/div><\/li>\n<li><a href=\"https:\/\/twmg.net\/wealth\/fr\/twmg\/2607\">Interruption Postes Canada: Nous sommes l\u00e0 pour aider<\/a><div class=\"wp-block-latest-posts__post-excerpt\">En savoir plus&#8230;<\/div><\/li>\n<li><a href=\"https:\/\/twmg.net\/wealth\/fr\/twmg\/2496\">Budget Qu\u00e9bec 2025<\/a><div class=\"wp-block-latest-posts__post-excerpt\">Source: Gouvernement du Qu\u00e9bec Mot du ministre des Finances Le budget 2025\u20112026 est pr\u00e9sent\u00e9 dans&hellip;<\/div><\/li>\n<li><a href=\"https:\/\/twmg.net\/wealth\/fr\/twmg\/2470\">La Remise pour les travailleurs canadiens<\/a><div class=\"wp-block-latest-posts__post-excerpt\">Source\u00a0:\u00a0Minist\u00e8re des Finances Canada Le gouvernement n\u2019est pas en mesure de fixer les prix \u00e0&hellip;<\/div><\/li>\n<li><a href=\"https:\/\/twmg.net\/wealth\/fr\/twmg\/2460\">Plus d\u2019argent dans vos poches : un cong\u00e9 de taxe pour tous les Canadiens<\/a><div class=\"wp-block-latest-posts__post-excerpt\">Source&nbsp;:&nbsp;Minist\u00e8re des Finances Canada Le gouvernement n\u2019est pas en mesure de fixer les prix \u00e0&hellip;<\/div><\/li>\n<li><a href=\"https:\/\/twmg.net\/wealth\/fr\/twmg\/2363\">Budget f\u00e9d\u00e9ral 2024<\/a><div class=\"wp-block-latest-posts__post-excerpt\">Source: Placements Mackenzie Mesures visant l\u2019imp\u00f4t sur le revenu des particuliers Taux d\u2019imposition f\u00e9d\u00e9raux Aucun&hellip;<\/div><\/li>\n<li><a href=\"https:\/\/twmg.net\/wealth\/fr\/twmg\/2347\">Budget Qu\u00e9bec 2024<\/a><div class=\"wp-block-latest-posts__post-excerpt\">Source: Gouvernement du Qu\u00e9bec Qu\u00e9bec, le 12 mars 2024. \u2013 Le ministre des Finances, M.&hellip;<\/div><\/li>\n<li><a href=\"https:\/\/twmg.net\/wealth\/fr\/twmg\/2250\">Budget de 2023: Un plan canadien<\/a><div class=\"wp-block-latest-posts__post-excerpt\">Source: Gouvernment du Canada Dans le budget de 2023, le gouvernement f\u00e9d\u00e9ral adopte de nouvelles&hellip;<\/div><\/li>\n<li><a href=\"https:\/\/twmg.net\/wealth\/fr\/twmg\/2243\">Budget 2023 du Qu\u00e9bec en brief<\/a><div class=\"wp-block-latest-posts__post-excerpt\">Source: Gouvernement du Qu\u00e9bec Le budget 2023-2024 jette les bases de notre action pour les&hellip;<\/div><\/li>\n<li><a href=\"https:\/\/twmg.net\/wealth\/fr\/twmg\/1470\">Budget f\u00e9d\u00e9ral 2022<\/a><div class=\"wp-block-latest-posts__post-excerpt\">Un plan pour faire cro\u00eetre notre \u00e9conomie et rendre la vie plus abordable Faits en&hellip;<\/div><\/li>\n<li><a href=\"https:\/\/twmg.net\/wealth\/fr\/twmg\/1489\">Budget f\u00e9d\u00e9rale 2021 : une relance ax\u00e9e sur les emplois, la croissance et la r\u00e9silience<\/a><div class=\"wp-block-latest-posts__post-excerpt\">Faits en bref Le budget de 2021 propose des investissements de 101,4&nbsp;milliards de dollars sur&hellip;<\/div><\/li>\n<li><a href=\"https:\/\/twmg.net\/wealth\/fr\/twmg\/1545\">Plan d&#8217;intervention \u00e9conomique pour r\u00e9pondre \u00e0 la COVID-19<\/a><div class=\"wp-block-latest-posts__post-excerpt\">1. Subvention salariale d\u2019urgence du Canada La Subvention salariale d\u2019urgence du Canada (SSUC) appuie les&hellip;<\/div><\/li>\n<li><a href=\"https:\/\/twmg.net\/wealth\/fr\/twmg\/1548\">Un moment pour se transformer<\/a><div class=\"wp-block-latest-posts__post-excerpt\">Je suis inspir\u00e9e par nos fiers partenaires, des employ\u00e9s qui ont fi\u00e8rement saisi l\u2019occasion en&hellip;<\/div><\/li>\n<li><a href=\"https:\/\/twmg.net\/wealth\/fr\/twmg\/1585\">Aux yeux du monde tu n\u2019es qu\u2019une personne; mais aux yeux d\u2019une personne tu es le monde.<\/a><div class=\"wp-block-latest-posts__post-excerpt\">L&#8217;un de nos professionnels du domaine financier pourrait repr\u00e9senter le monde pour vous.<\/div><\/li>\n<li><a href=\"https:\/\/twmg.net\/wealth\/fr\/twmg\/1595\">Attention aux arnaqueurs qui se font passer pour des employ\u00e9s de l&#8217;ARC<\/a><div class=\"wp-block-latest-posts__post-excerpt\">Prot\u00e9gez-vous contre la fraude Apprenez \u00e0 reconna\u00eetre les arnaques Il existe de nombreux types de&hellip;<\/div><\/li>\n<li><a href=\"https:\/\/twmg.net\/wealth\/fr\/twmg\/1599\">Apprenez \u00e0 tirer profit de votre  r\u00e9gime des rentes du Qu\u00e9bec, peu importe votre \u00e2ge.<\/a><div class=\"wp-block-latest-posts__post-excerpt\">VOUS \u00caTES CONVI\u00c9 Un atelier sur le RRQ 2018 offert par Retraite Qu\u00e9bec(S\u00e9ance en fran\u00e7ais)&hellip;<\/div><\/li>\n<\/ul>","protected":false},"excerpt":{"rendered":"","protected":false},"author":1,"featured_media":0,"parent":0,"menu_order":0,"comment_status":"closed","ping_status":"closed","template":"","meta":[],"_links":{"self":[{"href":"https:\/\/twmg.net\/wealth\/wp-json\/wp\/v2\/pages\/1979"}],"collection":[{"href":"https:\/\/twmg.net\/wealth\/wp-json\/wp\/v2\/pages"}],"about":[{"href":"https:\/\/twmg.net\/wealth\/wp-json\/wp\/v2\/types\/page"}],"author":[{"embeddable":true,"href":"https:\/\/twmg.net\/wealth\/wp-json\/wp\/v2\/users\/1"}],"replies":[{"embeddable":true,"href":"https:\/\/twmg.net\/wealth\/wp-json\/wp\/v2\/comments?post=1979"}],"version-history":[{"count":3,"href":"https:\/\/twmg.net\/wealth\/wp-json\/wp\/v2\/pages\/1979\/revisions"}],"predecessor-version":[{"id":2005,"href":"https:\/\/twmg.net\/wealth\/wp-json\/wp\/v2\/pages\/1979\/revisions\/2005"}],"wp:attachment":[{"href":"https:\/\/twmg.net\/wealth\/wp-json\/wp\/v2\/media?parent=1979"}],"curies":[{"name":"wp","href":"https:\/\/api.w.org\/{rel}","templated":true}]}}