{"id":1972,"date":"2022-05-27T09:53:40","date_gmt":"2022-05-27T13:53:40","guid":{"rendered":"https:\/\/twmg.net\/wealth\/?page_id=1972"},"modified":"2022-05-27T09:53:40","modified_gmt":"2022-05-27T13:53:40","slug":"toutes-les-actualites","status":"publish","type":"page","link":"https:\/\/twmg.net\/wealth\/fr\/toutes-les-actualites","title":{"rendered":"Toutes les actualit\u00e9s"},"content":{"rendered":"\n<p class=\"has-medium-font-size\"><strong>D\u00e9couvrez toutes les nouvelles<\/strong><\/p>\n\n\n\n<figure class=\"wp-block-image size-full\"><img loading=\"lazy\" width=\"720\" height=\"150\" src=\"https:\/\/twmg.net\/wealth\/wp-content\/uploads\/2022\/05\/news.jpg\" alt=\"\" class=\"wp-image-1973\"\/><\/figure>\n\n\n<ul class=\"wp-block-categories-list wp-block-categories\">\t<li class=\"cat-item cat-item-90\"><a href=\"https:\/\/twmg.net\/wealth\/fr\/twmg\/category\/actualites-generales\">Actualit\u00e9s g\u00e9n\u00e9rales<\/a> (18)\n<\/li>\n\t<li class=\"cat-item cat-item-92\"><a href=\"https:\/\/twmg.net\/wealth\/fr\/twmg\/category\/actualites-technologie\">Actualit\u00e9s technologie<\/a> (7)\n<\/li>\n\t<li class=\"cat-item cat-item-94\"><a href=\"https:\/\/twmg.net\/wealth\/fr\/twmg\/category\/apprentissage\">Apprentissage<\/a> (3)\n<\/li>\n\t<li class=\"cat-item cat-item-96\"><a href=\"https:\/\/twmg.net\/wealth\/fr\/twmg\/category\/bienvenue\">Bienvenue<\/a> (1)\n<\/li>\n\t<li class=\"cat-item cat-item-98\"><a href=\"https:\/\/twmg.net\/wealth\/fr\/twmg\/category\/bulletin-financier\">Bulletin financier<\/a> (8)\n<\/li>\n\t<li class=\"cat-item cat-item-86\"><a href=\"https:\/\/twmg.net\/wealth\/fr\/twmg\/category\/communaute\">Communaut\u00e9<\/a> (3)\n<\/li>\n\t<li class=\"cat-item cat-item-21\"><a href=\"https:\/\/twmg.net\/wealth\/en\/twmg\/category\/community\">Community<\/a> (4)\n<\/li>\n\t<li class=\"cat-item cat-item-112\"><a href=\"https:\/\/twmg.net\/wealth\/fr\/twmg\/category\/decouvrir\">D\u00e9couvrir<\/a> (37)\n<\/li>\n\t<li class=\"cat-item cat-item-10\"><a href=\"https:\/\/twmg.net\/wealth\/en\/twmg\/category\/discover\">Discover<\/a> (40)\n<\/li>\n\t<li class=\"cat-item cat-item-127\"><a href=\"https:\/\/twmg.net\/wealth\/fr\/twmg\/category\/en-vedette\">En vedette<\/a> (3)\n<\/li>\n\t<li class=\"cat-item cat-item-8\"><a href=\"https:\/\/twmg.net\/wealth\/en\/twmg\/category\/financial-bulletin-news\">Financial Newsletter<\/a> (8)\n<\/li>\n\t<li class=\"cat-item cat-item-102\"><a href=\"https:\/\/twmg.net\/wealth\/fr\/twmg\/category\/fiscalite\">Fiscalit\u00e9<\/a> (13)\n<\/li>\n\t<li class=\"cat-item cat-item-7\"><a href=\"https:\/\/twmg.net\/wealth\/en\/twmg\/category\/general-news\">General News<\/a> (20)\n<\/li>\n\t<li class=\"cat-item cat-item-5\"><a href=\"https:\/\/twmg.net\/wealth\/en\/twmg\/category\/investing-news\">Investing News<\/a> (28)\n<\/li>\n\t<li class=\"cat-item cat-item-104\"><a href=\"https:\/\/twmg.net\/wealth\/fr\/twmg\/category\/investissements\">Investissements<\/a> (28)\n<\/li>\n\t<li class=\"cat-item cat-item-14\"><a href=\"https:\/\/twmg.net\/wealth\/en\/twmg\/category\/learn\">Learn<\/a> (3)\n<\/li>\n\t<li class=\"cat-item cat-item-106\"><a href=\"https:\/\/twmg.net\/wealth\/fr\/twmg\/category\/les-marches\">Les march\u00e9s<\/a> (7)\n<\/li>\n\t<li class=\"cat-item cat-item-20\"><a href=\"https:\/\/twmg.net\/wealth\/en\/twmg\/category\/market-focus\">Market Focus<\/a> (7)\n<\/li>\n\t<li class=\"cat-item cat-item-108\"><a href=\"https:\/\/twmg.net\/wealth\/fr\/twmg\/category\/populaires\">Populaires<\/a> (3)\n<\/li>\n\t<li class=\"cat-item cat-item-4\"><a href=\"https:\/\/twmg.net\/wealth\/en\/twmg\/category\/tax-news\">Tax News<\/a> (13)\n<\/li>\n\t<li class=\"cat-item cat-item-6\"><a href=\"https:\/\/twmg.net\/wealth\/en\/twmg\/category\/technology-news\">Technology News<\/a> (7)\n<\/li>\n\t<li class=\"cat-item cat-item-16\"><a href=\"https:\/\/twmg.net\/wealth\/en\/twmg\/category\/top-features\">Top Features<\/a> (3)\n<\/li>\n\t<li class=\"cat-item cat-item-17\"><a href=\"https:\/\/twmg.net\/wealth\/en\/twmg\/category\/whats-trending\">Trending now<\/a> (3)\n<\/li>\n\t<li class=\"cat-item cat-item-13\"><a href=\"https:\/\/twmg.net\/wealth\/en\/twmg\/category\/welcome\">Welcome<\/a> (1)\n<\/li>\n<\/ul>","protected":false},"excerpt":{"rendered":"<p>D\u00e9couvrez toutes les nouvelles<\/p>\n","protected":false},"author":1,"featured_media":0,"parent":0,"menu_order":0,"comment_status":"closed","ping_status":"closed","template":"","meta":[],"_links":{"self":[{"href":"https:\/\/twmg.net\/wealth\/wp-json\/wp\/v2\/pages\/1972"}],"collection":[{"href":"https:\/\/twmg.net\/wealth\/wp-json\/wp\/v2\/pages"}],"about":[{"href":"https:\/\/twmg.net\/wealth\/wp-json\/wp\/v2\/types\/page"}],"author":[{"embeddable":true,"href":"https:\/\/twmg.net\/wealth\/wp-json\/wp\/v2\/users\/1"}],"replies":[{"embeddable":true,"href":"https:\/\/twmg.net\/wealth\/wp-json\/wp\/v2\/comments?post=1972"}],"version-history":[{"count":1,"href":"https:\/\/twmg.net\/wealth\/wp-json\/wp\/v2\/pages\/1972\/revisions"}],"predecessor-version":[{"id":1974,"href":"https:\/\/twmg.net\/wealth\/wp-json\/wp\/v2\/pages\/1972\/revisions\/1974"}],"wp:attachment":[{"href":"https:\/\/twmg.net\/wealth\/wp-json\/wp\/v2\/media?parent=1972"}],"curies":[{"name":"wp","href":"https:\/\/api.w.org\/{rel}","templated":true}]}}