{"id":1967,"date":"2022-05-27T09:46:59","date_gmt":"2022-05-27T13:46:59","guid":{"rendered":"https:\/\/twmg.net\/wealth\/?page_id=1967"},"modified":"2022-05-27T10:11:33","modified_gmt":"2022-05-27T14:11:33","slug":"actualites-technologie","status":"publish","type":"page","link":"https:\/\/twmg.net\/wealth\/fr\/actualites-technologie","title":{"rendered":"Actualit\u00e9s technologie"},"content":{"rendered":"<ul class=\"wp-block-latest-posts__list wp-block-latest-posts\"><li><a href=\"https:\/\/twmg.net\/wealth\/fr\/twmg\/2679\">De faux sites web ou courriels ciblent les identifiants des clients<\/a><div class=\"wp-block-latest-posts__post-excerpt\">Nous lan\u00e7ons une alerte \u00e0 la s\u00e9curit\u00e9 concernant une augmentation r\u00e9cente de signalements de faux&hellip;<\/div><\/li>\n<li><a href=\"https:\/\/twmg.net\/wealth\/fr\/twmg\/1553\">ALERTE FRAUDE<\/a><div class=\"wp-block-latest-posts__post-excerpt\">Si vous recevez un texto indiquant que vous avez re\u00e7u un d\u00e9p\u00f4t de Prestation canadienne&hellip;<\/div><\/li>\n<li><a href=\"https:\/\/twmg.net\/wealth\/fr\/twmg\/1583\">Pr\u00e9vention des fraudes: Fraude par courriel ou texto<\/a><div class=\"wp-block-latest-posts__post-excerpt\">L\u2019hame\u00e7onnage est un type courant de fraude par courriel ou texto. Il consiste \u00e0 faire&hellip;<\/div><\/li>\n<li><a href=\"https:\/\/twmg.net\/wealth\/fr\/twmg\/1595\">Attention aux arnaqueurs qui se font passer pour des employ\u00e9s de l&#8217;ARC<\/a><div class=\"wp-block-latest-posts__post-excerpt\">Prot\u00e9gez-vous contre la fraude Apprenez \u00e0 reconna\u00eetre les arnaques Il existe de nombreux types de&hellip;<\/div><\/li>\n<li><a href=\"https:\/\/twmg.net\/wealth\/fr\/twmg\/1619\">Mise \u00e0 jour sur l&#8217;incident de cybers\u00e9curit\u00e9 Equifax<\/a><div class=\"wp-block-latest-posts__post-excerpt\">Equifax Canada donne de l\u2019information suppl\u00e9mentaire aux Canadiens qui pourraient avoir \u00e9t\u00e9 touch\u00e9s par l\u2019incident&hellip;<\/div><\/li>\n<li><a href=\"https:\/\/twmg.net\/wealth\/fr\/twmg\/1643\">Courriels et appels t\u00e9l\u00e9phoniques frauduleux \u2013 Prot\u00e9gez-vous!<\/a><div class=\"wp-block-latest-posts__post-excerpt\">L\u2019Agence du revenu du Canada tient \u00e0 pr\u00e9venir les Canadiens que des courriels et appels&hellip;<\/div><\/li>\n<li><a href=\"https:\/\/twmg.net\/wealth\/fr\/twmg\/1655\">Technologie de pointe qui emp\u00eache les fraudes financi\u00e8res en ligne<\/a><div class=\"wp-block-latest-posts__post-excerpt\">IBM Security Trusteer Rapport : un logiciel de protection contre la fraude et l\u2019usurpation d\u2019identit\u00e9&hellip;<\/div><\/li>\n<\/ul>","protected":false},"excerpt":{"rendered":"","protected":false},"author":1,"featured_media":0,"parent":0,"menu_order":0,"comment_status":"closed","ping_status":"closed","template":"","meta":[],"_links":{"self":[{"href":"https:\/\/twmg.net\/wealth\/wp-json\/wp\/v2\/pages\/1967"}],"collection":[{"href":"https:\/\/twmg.net\/wealth\/wp-json\/wp\/v2\/pages"}],"about":[{"href":"https:\/\/twmg.net\/wealth\/wp-json\/wp\/v2\/types\/page"}],"author":[{"embeddable":true,"href":"https:\/\/twmg.net\/wealth\/wp-json\/wp\/v2\/users\/1"}],"replies":[{"embeddable":true,"href":"https:\/\/twmg.net\/wealth\/wp-json\/wp\/v2\/comments?post=1967"}],"version-history":[{"count":2,"href":"https:\/\/twmg.net\/wealth\/wp-json\/wp\/v2\/pages\/1967\/revisions"}],"predecessor-version":[{"id":2012,"href":"https:\/\/twmg.net\/wealth\/wp-json\/wp\/v2\/pages\/1967\/revisions\/2012"}],"wp:attachment":[{"href":"https:\/\/twmg.net\/wealth\/wp-json\/wp\/v2\/media?parent=1967"}],"curies":[{"name":"wp","href":"https:\/\/api.w.org\/{rel}","templated":true}]}}