{"id":1432,"date":"2022-05-18T10:14:13","date_gmt":"2022-05-18T14:14:13","guid":{"rendered":"https:\/\/twmg.net\/wealth\/?page_id=1432"},"modified":"2022-05-24T11:06:10","modified_gmt":"2022-05-24T15:06:10","slug":"produits-et-services","status":"publish","type":"page","link":"https:\/\/twmg.net\/wealth\/fr\/produits-et-services","title":{"rendered":"Produits et services"},"content":{"rendered":"\n<figure class=\"wp-block-image size-full\"><img loading=\"lazy\" width=\"600\" height=\"175\" src=\"https:\/\/twmg.net\/wealth\/wp-content\/uploads\/2022\/05\/products.jpg\" alt=\"\" class=\"wp-image-1433\" srcset=\"https:\/\/twmg.net\/wealth\/wp-content\/uploads\/2022\/05\/products.jpg 600w, https:\/\/twmg.net\/wealth\/wp-content\/uploads\/2022\/05\/products-300x88.jpg 300w\" sizes=\"(max-width: 600px) 100vw, 600px\" \/><\/figure>\n\n\n\n<h4>INVESTISSEMENTS<\/h4>\n\n\n\n<p>Fonds communs<br>C\u00c9LI<br>REER<br>FEER<br>Compte de retraite immobilis\u00e9<br>Fond enregistr\u00e9 epargne retraite<br>R\u00e9gime enregistr\u00e9 \u00e9pargne education<br>RE\u00c9R auto-g\u00e9r\u00e9<br>Paiements pre-autoris\u00e9s<br>Comptes en fiducie<br>Certificate de placement garantie<br>Actions et obligations <sup>(1)(2)<\/sup><\/p>\n\n\n\n<h4>PLANIFICATION<\/h4>\n\n\n\n<p>Planification financi\u00e8re des particuliers<br>Planification financi\u00e8re PME<br>Planification de retraite<br>Planification fiscale<br>Planification successorale<br>R\u00e9gimes de retraite et d\u2019\u00e9pargne collectifs<\/p>\n\n\n\n<h4>ASSURANCES<\/h4>\n\n\n\n<p>Assurance vie-invalidit\u00e9&nbsp;<sup>(2)<\/sup><br>Assurance maladies graves&nbsp;<sup>(2)<\/sup><br>Assurance voyage&nbsp;<sup>(2)<\/sup><br>R\u00e9gimes d\u2019assurance collective&nbsp;<sup>(2)<\/sup><br>Rentes \u00e0 annuit\u00e9s&nbsp;<sup>(2)<\/sup><br>Fonds distincts&nbsp;<sup>(2)<\/sup><br>Certificate de placement garantie&nbsp;<sup>(2)<\/sup><\/p>\n\n\n\n<h4>PRETS<\/h4>\n\n\n\n<p>Pr\u00eats REER&nbsp;<sup>(1)<\/sup><br>Pr\u00eats d\u2019investissements&nbsp;<sup>(1)(3)<\/sup><\/p>\n\n\n\n<p class=\"has-small-font-size\">Les commissions, commissions r\u00e9siduelles, frais de gestion et d\u00e9penses diverses peuvent tous \u00eatre associ\u00e9s aux investissements dans les fonds communs de placement (fonds mutuels). Veuillez lire le prospectus de la soci\u00e9t\u00e9 avant de faire tout placement. Les fonds communs de placement ne sont pas garantis; leurs valeurs changent fr\u00e9quemment et le rendement ant\u00e9rieur risque de ne pas se r\u00e9p\u00e9ter.<\/p>\n\n\n\n<p class=\"has-small-font-size\">(1) Les produits et services ci-haut mentionn\u00e9s sont disponibles par r\u00e9f\u00e9rence<br>(2) Les produits et services ci-haut mentionn\u00e9s sont disponible seulement pour les residents de la province du Qu\u00e9bec.<br>(3)&nbsp;Les produits et services&nbsp;ci-haut mentionn\u00e9s sont disponible par r\u00e9f\u00e9rence ou B2B Banque.<\/p>\n","protected":false},"excerpt":{"rendered":"<p>INVESTISSEMENTS Fonds communsC\u00c9LIREERFEERCompte de retraite immobilis\u00e9Fond enregistr\u00e9 epargne retraiteR\u00e9gime enregistr\u00e9 \u00e9pargne educationRE\u00c9R auto-g\u00e9r\u00e9Paiements pre-autoris\u00e9sComptes en&hellip;<\/p>\n","protected":false},"author":1,"featured_media":0,"parent":0,"menu_order":0,"comment_status":"closed","ping_status":"closed","template":"","meta":[],"_links":{"self":[{"href":"https:\/\/twmg.net\/wealth\/wp-json\/wp\/v2\/pages\/1432"}],"collection":[{"href":"https:\/\/twmg.net\/wealth\/wp-json\/wp\/v2\/pages"}],"about":[{"href":"https:\/\/twmg.net\/wealth\/wp-json\/wp\/v2\/types\/page"}],"author":[{"embeddable":true,"href":"https:\/\/twmg.net\/wealth\/wp-json\/wp\/v2\/users\/1"}],"replies":[{"embeddable":true,"href":"https:\/\/twmg.net\/wealth\/wp-json\/wp\/v2\/comments?post=1432"}],"version-history":[{"count":1,"href":"https:\/\/twmg.net\/wealth\/wp-json\/wp\/v2\/pages\/1432\/revisions"}],"predecessor-version":[{"id":1434,"href":"https:\/\/twmg.net\/wealth\/wp-json\/wp\/v2\/pages\/1432\/revisions\/1434"}],"wp:attachment":[{"href":"https:\/\/twmg.net\/wealth\/wp-json\/wp\/v2\/media?parent=1432"}],"curies":[{"name":"wp","href":"https:\/\/api.w.org\/{rel}","templated":true}]}}