{"id":1420,"date":"2022-05-18T10:02:37","date_gmt":"2022-05-18T14:02:37","guid":{"rendered":"https:\/\/twmg.net\/wealth\/?page_id=1420"},"modified":"2022-05-18T10:02:38","modified_gmt":"2022-05-18T14:02:38","slug":"la-retraite","status":"publish","type":"page","link":"https:\/\/twmg.net\/wealth\/fr\/bibliotheque\/la-retraite","title":{"rendered":"La retraite"},"content":{"rendered":"\n<p>WOW! Enfin la retraite! Que faire maintenant?<\/p>\n\n\n\n<p>Si vous \u00eates comme la plupart des gens, vous avez h\u00e2te d\u2019\u00eatre \u00e0 la retraite pour r\u00e9aliservos r\u00eaves et profiter d\u2019une plus grande libert\u00e9. Puisque la retraite tend \u00e0 durer de plus enplus longtemps, les m\u00e9dias et les sp\u00e9cialistes de la sant\u00e9 se penchent davantage sur laqualit\u00e9 de vie apr\u00e8s la vie active et sur l\u2019importance de vivre pleinement.<\/p>\n\n\n\n<figure class=\"wp-block-embed is-type-video is-provider-youtube wp-block-embed-youtube wp-embed-aspect-16-9 wp-has-aspect-ratio\"><div class=\"wp-block-embed__wrapper\">\n<iframe loading=\"lazy\" title=\"Tax and Estate matters - Public pension plans: An overview\" width=\"680\" height=\"383\" src=\"https:\/\/www.youtube.com\/embed\/NdqOTYJzvQk?feature=oembed\" frameborder=\"0\" allow=\"accelerometer; autoplay; clipboard-write; encrypted-media; gyroscope; picture-in-picture\" allowfullscreen><\/iframe>\n<\/div><\/figure>\n\n\n\n<p><a class=\"\" rel=\"noreferrer noopener\" href=\"https:\/\/twmg.net\/library\/fr\/invesco\/Video-Pension.pdf\" target=\"_blank\">Vid\u00e9o en anglais avec transcription en fran\u00e7ais. Cliquez ici<\/a><\/p>\n\n\n\n<p><strong>Investissements<\/strong><br>Rudiments de la planification financi\u00e8re. <a class=\"\" href=\"https:\/\/www.twmg.net\/library\/fr\/manulife\/vie_quotidienne.pdf\" target=\"_blank\" rel=\"noreferrer noopener\">Lire \u00bb<\/a><br>Planification de la retraite: sept questions essentielles \u00e0 vous poser. <a class=\"\" href=\"https:\/\/www.twmg.net\/library\/fr\/fidelity\/retire_planning_f.pdf\" target=\"_blank\" rel=\"noreferrer noopener\">Lire \u00bb<\/a><br>Le temps fait toute la diff\u00e9rence. <a class=\"\" href=\"https:\/\/www.twmg.net\/library\/fr\/fidelity\/what_a_difference_f.pdf\" target=\"_blank\" rel=\"noreferrer noopener\">Lire \u00bb<\/a><br>Achat et conservation \u2013 la bonne strat\u00e9gie \u00e0 suivre. <a class=\"\" href=\"https:\/\/www.twmg.net\/library\/fr\/fidelity\/buyandholdtherightway_f.pdf\" target=\"_blank\" rel=\"noreferrer noopener\">Lire \u00bb<\/a><br>Diversification = moins de risque. <a class=\"\" href=\"https:\/\/www.twmg.net\/library\/fr\/fidelity\/inv4suc_diversification_0307_f.pdf\" target=\"_blank\" rel=\"noreferrer noopener\">Lire \u00bb<\/a><\/p>\n\n\n\n<p><strong>Assurances<\/strong><br>L\u2019assurance et les placements. <a class=\"\" href=\"https:\/\/www.twmg.net\/library\/fr\/manulife\/protection_famille.pdf\" target=\"_blank\" rel=\"noreferrer noopener\">Lire \u00bb<\/a><br>De l\u2019argent \u00e0 vie \u2013 sans avoir gagn\u00e9 \u00e0 la loterie. <a class=\"\" href=\"https:\/\/www.twmg.net\/library\/fr\/manulife\/planification_financiere.pdf\" target=\"_blank\" rel=\"noreferrer noopener\">Lire \u00bb<\/a><\/p>\n\n\n\n<p><strong>Testaments et successions<\/strong><br>Planification successorale: marche \u00e0 suivre. <a class=\"\" href=\"https:\/\/www.twmg.net\/library\/fr\/manulife\/planification_successorale.pdf\" target=\"_blank\" rel=\"noreferrer noopener\">Lire \u00bb<\/a><br>Le r\u00f4le de liquidateur\/ex\u00e9cuteur testamentaire :ce que vous devez savoir. <a class=\"\" href=\"https:\/\/www.twmg.net\/library\/fr\/invesco\/role%20of%20an%20executor%20f.pdf\" target=\"_blank\" rel=\"noreferrer noopener\">Lire \u00bb<\/a><\/p>\n\n\n\n<p><strong>Patrimoine<\/strong><br>Enfin la retraite! Que faire maintenant? <a class=\"\" href=\"https:\/\/www.twmg.net\/library\/fr\/invesco\/thenwehat_f.pdf\" target=\"_blank\" rel=\"noreferrer noopener\">Lire \u00bb<\/a><\/p>\n","protected":false},"excerpt":{"rendered":"<p>WOW! Enfin la retraite! Que faire maintenant? Si vous \u00eates comme la plupart des gens,&hellip;<\/p>\n","protected":false},"author":1,"featured_media":0,"parent":1264,"menu_order":0,"comment_status":"closed","ping_status":"closed","template":"","meta":[],"_links":{"self":[{"href":"https:\/\/twmg.net\/wealth\/wp-json\/wp\/v2\/pages\/1420"}],"collection":[{"href":"https:\/\/twmg.net\/wealth\/wp-json\/wp\/v2\/pages"}],"about":[{"href":"https:\/\/twmg.net\/wealth\/wp-json\/wp\/v2\/types\/page"}],"author":[{"embeddable":true,"href":"https:\/\/twmg.net\/wealth\/wp-json\/wp\/v2\/users\/1"}],"replies":[{"embeddable":true,"href":"https:\/\/twmg.net\/wealth\/wp-json\/wp\/v2\/comments?post=1420"}],"version-history":[{"count":1,"href":"https:\/\/twmg.net\/wealth\/wp-json\/wp\/v2\/pages\/1420\/revisions"}],"predecessor-version":[{"id":1421,"href":"https:\/\/twmg.net\/wealth\/wp-json\/wp\/v2\/pages\/1420\/revisions\/1421"}],"up":[{"embeddable":true,"href":"https:\/\/twmg.net\/wealth\/wp-json\/wp\/v2\/pages\/1264"}],"wp:attachment":[{"href":"https:\/\/twmg.net\/wealth\/wp-json\/wp\/v2\/media?parent=1420"}],"curies":[{"name":"wp","href":"https:\/\/api.w.org\/{rel}","templated":true}]}}