{"id":1417,"date":"2022-05-18T10:00:02","date_gmt":"2022-05-18T14:00:02","guid":{"rendered":"https:\/\/twmg.net\/wealth\/?page_id=1417"},"modified":"2022-05-18T10:00:29","modified_gmt":"2022-05-18T14:00:29","slug":"les-annees-familiales","status":"publish","type":"page","link":"https:\/\/twmg.net\/wealth\/fr\/bibliotheque\/les-annees-familiales","title":{"rendered":"Les ann\u00e9es familiales"},"content":{"rendered":"\n<p><\/p>\n\n\n\n<p>La plupart des gens passent une grande partie de leur vie au travail. Et m\u00eame si nous rousp\u00e9tons parfois quand nous devons nous lever t\u00f4t pour aller gagner notre vie, notre occupation r\u00e9pond \u00e0 plusieurs de nos besoins sociaux, mentaux et \u00e9motifs les plus fondamentaux. De fait, le travail occupe une place si importante que vous pourriez avoir de la difficult\u00e9 \u00e0 remplir le vide, apr\u00e8s avoir \u00ab accroch\u00e9 vos patins \u00bb.<\/p>\n\n\n\n<p><strong>Investissements<\/strong><br>Rudiments de la planification financi\u00e8re. <a class=\"\" href=\"https:\/\/www.twmg.net\/library\/fr\/manulife\/vie_quotidienne.pdf\" target=\"_blank\" rel=\"noreferrer noopener\">Lire \u00bb<\/a><br>Planification de la retraite: sept questions essentielles \u00e0 vous poser. <a class=\"\" href=\"https:\/\/www.twmg.net\/library\/fr\/fidelity\/retire_planning_f.pdf\" target=\"_blank\" rel=\"noreferrer noopener\">Lire \u00bb<\/a><br>Le risque des placements s\u00e9curitaires. <a class=\"\" href=\"https:\/\/www.twmg.net\/library\/fr\/fidelity\/inv4suc_rsksafeinv_0307_f.pdf\" target=\"_blank\" rel=\"noreferrer noopener\">Lire \u00bb<\/a><br>Une perspective mondiale. <a class=\"\" href=\"https:\/\/www.twmg.net\/library\/fr\/fidelity\/inv4suc_thinkglobal_0107_f.pdf\" target=\"_blank\" rel=\"noreferrer noopener\">Lire \u00bb<\/a><br>Options pour l\u2019\u00e9pargne-\u00e9tudes. <a class=\"\" href=\"https:\/\/www.twmg.net\/library\/fr\/invesco\/educationsavingsoptions_f.pdf\" target=\"_blank\" rel=\"noreferrer noopener\">Lire \u00bb<\/a><br>Des occasions \u00e0 ne pas manquer. <a class=\"\" href=\"https:\/\/www.twmg.net\/library\/fr\/fidelity\/inv4suc_dontmissout_0307_f.pdf\" target=\"_blank\" rel=\"noreferrer noopener\">Lire \u00bb<\/a><br>Cr\u00e9er un portefeuille sans soucis. <a class=\"\" href=\"https:\/\/www.twmg.net\/library\/fr\/fidelity\/makingyourportfolio_f.pdf\" target=\"_blank\" rel=\"noreferrer noopener\">Lire \u00bb<\/a><br>Le temps, c\u2019est de l\u2019argent. <a class=\"\" href=\"https:\/\/www.twmg.net\/library\/fr\/fidelity\/inv4suc_timemon_0307_f.pdf\" target=\"_blank\" rel=\"noreferrer noopener\">Lire \u00bb<\/a><br>Le temps gu\u00e9rit tous les maux. <a class=\"\" href=\"https:\/\/www.twmg.net\/library\/fr\/fidelity\/inv4suc_timeheals_0307_f.pdf\" target=\"_blank\" rel=\"noreferrer noopener\">Lire \u00bb<\/a><\/p>\n\n\n\n<p><strong>Assurances<\/strong><br>L\u2019assurance et les placements. <a class=\"\" href=\"https:\/\/www.twmg.net\/library\/fr\/manulife\/protection_famille.pdf\" target=\"_blank\" rel=\"noreferrer noopener\">Lire \u00bb<\/a><br>De l\u2019argent \u00e8a vie \u2013 sans avoir gagn\u00e9 \u00e0 la loterie. <a class=\"\" href=\"https:\/\/www.twmg.net\/library\/fr\/manulife\/planification_financiere.pdf\" target=\"_blank\" rel=\"noreferrer noopener\">Lire \u00bb<\/a><\/p>\n\n\n\n<p><strong>Fiscalit\u00e9<\/strong><br>Conseils fiscaux \u00e0 l\u2019intention des familles. <a class=\"\" href=\"https:\/\/www.twmg.net\/library\/fr\/manulife\/reduction_impot.pdf\" target=\"_blank\" rel=\"noreferrer noopener\">Lire \u00bb<\/a><\/p>\n\n\n\n<p><strong>Testaments et successions<\/strong><br>Planification successorale : en parler ensemble. <a class=\"\" href=\"https:\/\/www.twmg.net\/library\/fr\/invesco\/shareinfo_f.pdf\" target=\"_blank\" rel=\"noreferrer noopener\">Lire \u00bb<\/a><br>Le r\u00f4le de liquidateur\/ex\u00e9cuteur testamentaire :ce que vous devez savoir. <a class=\"\" href=\"https:\/\/www.twmg.net\/library\/fr\/invesco\/role%20of%20an%20executor%20f.pdf\" target=\"_blank\" rel=\"noreferrer noopener\">Lire \u00bb<\/a><\/p>\n\n\n\n<p><strong>Patrimoine<\/strong><br>Comprendre le style de votre partenaire \u00e0 l\u2019\u00e9gard de l\u2019argent. <a class=\"\" href=\"https:\/\/www.twmg.net\/library\/fr\/manulife\/vie_couple.pdf\" target=\"_blank\" rel=\"noreferrer noopener\">Lire \u00bb<\/a><br>Question de divorce. <a class=\"\" href=\"https:\/\/www.twmg.net\/library\/fr\/manulife\/divorce_f.pdf\" target=\"_blank\" rel=\"noreferrer noopener\">Lire \u00bb<\/a><br>Comprendre le cr\u00e9dit. <a class=\"\" href=\"https:\/\/www.twmg.net\/library\/fr\/manulife\/gestion_de_dette.pdf\" target=\"_blank\" rel=\"noreferrer noopener\">Lire \u00bb<\/a><br>Conseils fiscaux pour les propri\u00e9taires d\u2019entreprises. <a class=\"\" href=\"https:\/\/www.twmg.net\/library\/fr\/manulife\/demarrage_entreprise.pdf\" target=\"_blank\" rel=\"noreferrer noopener\">Lire \u00bb<\/a><br>Atterrissage en douceur \u2013 Survivre \u00e0 l\u2019avis de cong\u00e9diment. <a class=\"\" href=\"https:\/\/www.twmg.net\/library\/fr\/manulife\/perte_emploi.pdf\" target=\"_blank\" rel=\"noreferrer noopener\">Lire \u00bb<\/a><\/p>\n","protected":false},"excerpt":{"rendered":"<p>La plupart des gens passent une grande partie de leur vie au travail. Et m\u00eame&hellip;<\/p>\n","protected":false},"author":1,"featured_media":0,"parent":1264,"menu_order":0,"comment_status":"closed","ping_status":"closed","template":"","meta":[],"_links":{"self":[{"href":"https:\/\/twmg.net\/wealth\/wp-json\/wp\/v2\/pages\/1417"}],"collection":[{"href":"https:\/\/twmg.net\/wealth\/wp-json\/wp\/v2\/pages"}],"about":[{"href":"https:\/\/twmg.net\/wealth\/wp-json\/wp\/v2\/types\/page"}],"author":[{"embeddable":true,"href":"https:\/\/twmg.net\/wealth\/wp-json\/wp\/v2\/users\/1"}],"replies":[{"embeddable":true,"href":"https:\/\/twmg.net\/wealth\/wp-json\/wp\/v2\/comments?post=1417"}],"version-history":[{"count":2,"href":"https:\/\/twmg.net\/wealth\/wp-json\/wp\/v2\/pages\/1417\/revisions"}],"predecessor-version":[{"id":1419,"href":"https:\/\/twmg.net\/wealth\/wp-json\/wp\/v2\/pages\/1417\/revisions\/1419"}],"up":[{"embeddable":true,"href":"https:\/\/twmg.net\/wealth\/wp-json\/wp\/v2\/pages\/1264"}],"wp:attachment":[{"href":"https:\/\/twmg.net\/wealth\/wp-json\/wp\/v2\/media?parent=1417"}],"curies":[{"name":"wp","href":"https:\/\/api.w.org\/{rel}","templated":true}]}}