{"id":1413,"date":"2022-05-18T09:57:31","date_gmt":"2022-05-18T13:57:31","guid":{"rendered":"https:\/\/twmg.net\/wealth\/?page_id=1413"},"modified":"2022-05-18T10:04:26","modified_gmt":"2022-05-18T14:04:26","slug":"lenfance","status":"publish","type":"page","link":"https:\/\/twmg.net\/wealth\/fr\/bibliotheque\/lenfance","title":{"rendered":"L&#8217;Enfance"},"content":{"rendered":"\n<p>Aider un enfant \u00e0 poursuivre des \u00e9tudes coll\u00e9giales ou universitaires est sans contredit l\u2019un des meilleurs placements que vous puissiez faire. Pour r\u00e9ussir, les jeunes d\u2019aujourd\u2019hui doivent, \u00e0 quelques exceptions pr\u00e8s, poursuivre des \u00e9tudes postsecondaires. Comme le temps passe tr\u00e8s vite, il importe de commencer le plus t\u00f4tpossible \u00e0 planifier le financement des \u00e9tudes de votre enfant. La plupart des \u00e9tudiants r\u00eavent d\u2019un brillant avenir, mais financer des \u00e9tudes postsecondaires peut constituer un d\u00e9fi de taille.<\/p>\n\n\n\n<figure class=\"wp-block-embed is-type-video is-provider-youtube wp-block-embed-youtube wp-embed-aspect-16-9 wp-has-aspect-ratio\"><div class=\"wp-block-embed__wrapper\">\n<iframe loading=\"lazy\" title=\"Tax and Estate matters - Education saving: An overview\" width=\"680\" height=\"383\" src=\"https:\/\/www.youtube.com\/embed\/F6cNVQ0jVyg?feature=oembed\" frameborder=\"0\" allow=\"accelerometer; autoplay; clipboard-write; encrypted-media; gyroscope; picture-in-picture\" allowfullscreen><\/iframe>\n<\/div><\/figure>\n\n\n\n<p><a class=\"\" rel=\"noreferrer noopener\" href=\"https:\/\/twmg.net\/library\/fr\/invesco\/Video-REEE.pdf\" target=\"_blank\">Vid\u00e9o en anglais avec transcription en fran\u00e7ais. Cliquez ici<\/a><\/p>\n\n\n\n<p><strong>REEE<\/strong><\/p>\n\n\n\n<p>\u00c9ducation de votre enfant. <a class=\"\" href=\"https:\/\/www.twmg.net\/library\/fr\/manulife\/enfants.pdf\" target=\"_blank\" rel=\"noreferrer noopener\">Lire \u00bb<\/a><br>Options pour l\u2019\u00e9pargne-\u00e9tudes. <a class=\"\" href=\"https:\/\/www.twmg.net\/library\/fr\/invesco\/educationsavingsoptions_f.pdf\" target=\"_blank\" rel=\"noreferrer noopener\">Lire \u00bb<\/a><br>Questions et r\u00e9ponses REEE. <a class=\"\" href=\"https:\/\/www.twmg.net\/library\/fr\/invesco\/resp_f.pdf\" target=\"_blank\" rel=\"noreferrer noopener\">Lire \u00bb<\/a><\/p>\n\n\n\n<p><strong>La tuelle<\/strong><\/p>\n\n\n\n<p>Prendre soin de vos enfants: La tutelle. <a class=\"\" href=\"https:\/\/www.twmg.net\/library\/fr\/invesco\/takecarechild_f.pdf\" target=\"_blank\" rel=\"noreferrer noopener\">Lire \u00bb<\/a><\/p>\n","protected":false},"excerpt":{"rendered":"<p>Aider un enfant \u00e0 poursuivre des \u00e9tudes coll\u00e9giales ou universitaires est sans contredit l\u2019un des&hellip;<\/p>\n","protected":false},"author":1,"featured_media":0,"parent":1264,"menu_order":0,"comment_status":"closed","ping_status":"closed","template":"","meta":[],"_links":{"self":[{"href":"https:\/\/twmg.net\/wealth\/wp-json\/wp\/v2\/pages\/1413"}],"collection":[{"href":"https:\/\/twmg.net\/wealth\/wp-json\/wp\/v2\/pages"}],"about":[{"href":"https:\/\/twmg.net\/wealth\/wp-json\/wp\/v2\/types\/page"}],"author":[{"embeddable":true,"href":"https:\/\/twmg.net\/wealth\/wp-json\/wp\/v2\/users\/1"}],"replies":[{"embeddable":true,"href":"https:\/\/twmg.net\/wealth\/wp-json\/wp\/v2\/comments?post=1413"}],"version-history":[{"count":3,"href":"https:\/\/twmg.net\/wealth\/wp-json\/wp\/v2\/pages\/1413\/revisions"}],"predecessor-version":[{"id":1423,"href":"https:\/\/twmg.net\/wealth\/wp-json\/wp\/v2\/pages\/1413\/revisions\/1423"}],"up":[{"embeddable":true,"href":"https:\/\/twmg.net\/wealth\/wp-json\/wp\/v2\/pages\/1264"}],"wp:attachment":[{"href":"https:\/\/twmg.net\/wealth\/wp-json\/wp\/v2\/media?parent=1413"}],"curies":[{"name":"wp","href":"https:\/\/api.w.org\/{rel}","templated":true}]}}