{"id":1409,"date":"2022-05-18T09:51:51","date_gmt":"2022-05-18T13:51:51","guid":{"rendered":"https:\/\/twmg.net\/wealth\/?page_id=1409"},"modified":"2025-11-24T10:31:41","modified_gmt":"2025-11-24T15:31:41","slug":"je-suis-un-client","status":"publish","type":"page","link":"https:\/\/twmg.net\/wealth\/fr\/je-suis-un-client","title":{"rendered":"Je suis un client"},"content":{"rendered":"\n<figure class=\"wp-block-image size-full\"><img loading=\"lazy\" width=\"450\" height=\"84\" src=\"https:\/\/twmg.net\/wealth\/wp-content\/uploads\/2022\/05\/login.jpg\" alt=\"\" class=\"wp-image-1410\" srcset=\"https:\/\/twmg.net\/wealth\/wp-content\/uploads\/2022\/05\/login.jpg 450w, https:\/\/twmg.net\/wealth\/wp-content\/uploads\/2022\/05\/login-300x56.jpg 300w\" sizes=\"(max-width: 450px) 100vw, 450px\" \/><\/figure>\n\n\n\n<h3 class=\"has-vivid-red-color has-text-color has-large-font-size\"><strong>Avis de non-responsabilit\u00e9<\/strong><\/h3>\n\n\n\n<p>Le pr\u00e9sent r\u00e9sum\u00e9 des placements ne constitue pas un extrait de compte officiel; il est \u00e9mis aux fins d\u2019information uniquement. Nous ne pouvons pas garantir leur exactitude.<\/p>\n\n\n\n<p>Veuillez r\u00e9viser attentivement votre compte et, advenant toute anomalie, notifiez votre conseiller financier. Les placements dans des fonds communs de placement peuvent avoir des commissions connexes, des commissions r\u00e9siduelles, des frais d\u2019acquisition et encore d\u2019autres frais. Veuillez lire vos aper\u00e7u du fonds et les Prospectus, afin de vous assurer de comprendre l\u2019application de tels frais. Les fonds communs de placement ne sont pas garantis; leur valeur change fr\u00e9quemment et les taux de rendement ant\u00e9rieurs risquent de ne pas se r\u00e9p\u00e9ter.<\/p>\n\n\n\n<p><\/p>\n\n\n\n<p>eLivraison de vos Relev\u00e9s de compte est disponible. <a rel=\"noreferrer noopener\" href=\"https:\/\/www.twmg.net\/library\/correspondance\/eDelivery-Statements-Fr.pdf\" target=\"_blank\">Cliquez pour en savoir plus \u00bb<\/a><\/p>\n\n\n\n<figure class=\"wp-block-image size-full\"><a href=\"https:\/\/client.twmg-online.net\/\"><img loading=\"lazy\" width=\"116\" height=\"42\" src=\"https:\/\/twmg.net\/wealth\/wp-content\/uploads\/2022\/05\/continue-f-2.jpg\" alt=\"\" class=\"wp-image-2074\"\/><\/a><\/figure>\n\n\n\n<div style=\"height:50px\" aria-hidden=\"true\" class=\"wp-block-spacer\"><\/div>\n\n\n\n\t\t<meta http-equiv=\"refresh\" content=\"8; url=https:\/\/client.twmg-online.net\">\n\n\t\tVous serez redirig\u00e9 dans les 6 prochaines secondes. <a href=\"https:\/\/client.twmg-online.net\">Connectez maintenant<\/a><br>\n\t\tYou will be redirected within 6 seconds. <a href=\"https:\/\/client.twmg-online.net\">Sign in right now<\/a>\n\n\n","protected":false},"excerpt":{"rendered":"<p>Avis de non-responsabilit\u00e9 Le pr\u00e9sent r\u00e9sum\u00e9 des placements ne constitue pas un extrait de compte&hellip;<\/p>\n","protected":false},"author":1,"featured_media":0,"parent":0,"menu_order":0,"comment_status":"closed","ping_status":"closed","template":"","meta":[],"_links":{"self":[{"href":"https:\/\/twmg.net\/wealth\/wp-json\/wp\/v2\/pages\/1409"}],"collection":[{"href":"https:\/\/twmg.net\/wealth\/wp-json\/wp\/v2\/pages"}],"about":[{"href":"https:\/\/twmg.net\/wealth\/wp-json\/wp\/v2\/types\/page"}],"author":[{"embeddable":true,"href":"https:\/\/twmg.net\/wealth\/wp-json\/wp\/v2\/users\/1"}],"replies":[{"embeddable":true,"href":"https:\/\/twmg.net\/wealth\/wp-json\/wp\/v2\/comments?post=1409"}],"version-history":[{"count":22,"href":"https:\/\/twmg.net\/wealth\/wp-json\/wp\/v2\/pages\/1409\/revisions"}],"predecessor-version":[{"id":2671,"href":"https:\/\/twmg.net\/wealth\/wp-json\/wp\/v2\/pages\/1409\/revisions\/2671"}],"wp:attachment":[{"href":"https:\/\/twmg.net\/wealth\/wp-json\/wp\/v2\/media?parent=1409"}],"curies":[{"name":"wp","href":"https:\/\/api.w.org\/{rel}","templated":true}]}}