{"id":1400,"date":"2022-05-18T09:45:06","date_gmt":"2022-05-18T13:45:06","guid":{"rendered":"https:\/\/twmg.net\/wealth\/?page_id=1400"},"modified":"2022-05-18T09:45:06","modified_gmt":"2022-05-18T13:45:06","slug":"corporatif","status":"publish","type":"page","link":"https:\/\/twmg.net\/wealth\/fr\/corporatif","title":{"rendered":"Corporatif"},"content":{"rendered":"\n<figure class=\"wp-block-image size-full\"><img loading=\"lazy\" width=\"300\" height=\"132\" src=\"https:\/\/twmg.net\/wealth\/wp-content\/uploads\/2022\/05\/Corporatif.jpg\" alt=\"\" class=\"wp-image-1401\"\/><\/figure>\n\n\n\n<p><strong>Carri\u00e8res<\/strong><\/p>\n\n\n\n<p>Merci pour votre int\u00e9r\u00eat.<\/p>\n\n\n\n<p>D\u00e9couvrez les nombreuses possibilit\u00e9s qui s\u2019offrent au sein de la si\u00e8ge social.<\/p>\n\n\n\n<p>Il n\u2019y a aucune poste disponible \u00e0 ce moment.<\/p>\n","protected":false},"excerpt":{"rendered":"<p>Carri\u00e8res Merci pour votre int\u00e9r\u00eat. D\u00e9couvrez les nombreuses possibilit\u00e9s qui s\u2019offrent au sein de la&hellip;<\/p>\n","protected":false},"author":1,"featured_media":0,"parent":0,"menu_order":0,"comment_status":"closed","ping_status":"closed","template":"","meta":[],"_links":{"self":[{"href":"https:\/\/twmg.net\/wealth\/wp-json\/wp\/v2\/pages\/1400"}],"collection":[{"href":"https:\/\/twmg.net\/wealth\/wp-json\/wp\/v2\/pages"}],"about":[{"href":"https:\/\/twmg.net\/wealth\/wp-json\/wp\/v2\/types\/page"}],"author":[{"embeddable":true,"href":"https:\/\/twmg.net\/wealth\/wp-json\/wp\/v2\/users\/1"}],"replies":[{"embeddable":true,"href":"https:\/\/twmg.net\/wealth\/wp-json\/wp\/v2\/comments?post=1400"}],"version-history":[{"count":1,"href":"https:\/\/twmg.net\/wealth\/wp-json\/wp\/v2\/pages\/1400\/revisions"}],"predecessor-version":[{"id":1402,"href":"https:\/\/twmg.net\/wealth\/wp-json\/wp\/v2\/pages\/1400\/revisions\/1402"}],"wp:attachment":[{"href":"https:\/\/twmg.net\/wealth\/wp-json\/wp\/v2\/media?parent=1400"}],"curies":[{"name":"wp","href":"https:\/\/api.w.org\/{rel}","templated":true}]}}