{"id":1258,"date":"2022-05-18T09:01:46","date_gmt":"2022-05-18T13:01:46","guid":{"rendered":"https:\/\/twmg.net\/wealth\/?page_id=1258"},"modified":"2022-05-18T09:05:41","modified_gmt":"2022-05-18T13:05:41","slug":"calculatrices","status":"publish","type":"page","link":"https:\/\/twmg.net\/wealth\/fr\/calculatrices","title":{"rendered":"Calculatrices"},"content":{"rendered":"\n<blockquote class=\"wp-block-quote\"><p>Ce calculateur est fourni uniquement \u00e0 des fins illustratives; vous ne devez pas vous y fier pour obtenir une indication pr\u00e9cise de vos besoins financiers en vue de la retraite. \u00c9tant donn\u00e9 que la situation de chaque personne est unique et sujette \u00e0 des changements avec le temps, les r\u00e9sultats sont limit\u00e9s par l&#8217;exactitude des suppositions que vous faites en fournissant l&#8217;information utilis\u00e9e dans le calcul. Je (nous) ne garantis (garantissons) pas que ce calculateur est fiable, pr\u00e9cis ou int\u00e9gral, ou qu&#8217;il sera compatible avec votre ordinateur. Le taux de rendement montr\u00e9 sert uniquement \u00e0 illustrer les effets du taux de croissance compos\u00e9 et ne vise pas \u00e0 donner une indication de la valeur future du fonds commun de placement ni les taux de rendement futurs d&#8217;un placement dans le fonds commun de placement.<\/p><\/blockquote>\n\n\n\n<p>\u00c9conomies d\u2019imp\u00f4t r\u00e9sultant d\u2019un REER.&nbsp;<a href=\"https:\/\/ci.com\/fr\/ressources\/%C3%A9conomies-d'imp%C3%B4t-r%C3%A9sultant-d'un-REER.html\" target=\"_blank\" rel=\"noreferrer noopener\">Commencer \u00bb<br><\/a>Caluculatrice FERR.&nbsp;<a href=\"https:\/\/ci.com\/fr\/ressources\/versement-de-FERR.html\" target=\"_blank\" rel=\"noreferrer noopener\">Commencer \u00bb<br><\/a>Calculatrice cotisations RE\u00c9\u00c9.&nbsp;<a href=\"https:\/\/ci.com\/fr\/ressources\/commencez-la-planification-des-etudes.html\" target=\"_blank\" rel=\"noreferrer noopener\">Commencer \u00bb<br><\/a>CELI compant\u00e9 REER.&nbsp;<a href=\"https:\/\/ci.com\/fr\/ressources\/CELI-versus-REER.html\" target=\"_blank\" rel=\"noreferrer noopener\">Commencer \u00bb<\/a><\/p>\n\n\n\n<p>Placement et d\u00e9p\u00f4ts r\u00e9guliers.&nbsp;<a href=\"https:\/\/www.fidelity.ca\/fidca\/fr\/growthcalculator\" target=\"_blank\" rel=\"noreferrer noopener\">Commencer \u00bb<br><\/a><br>Pendant combien de temps pourrez-vous compter sur ces \u00e9pargnes?&nbsp;<a href=\"https:\/\/ci.com\/fr\/ressources\/l%E2%80%99argent-durera-t-il.html\" target=\"_blank\" rel=\"noreferrer noopener\">Commencer \u00bb<\/a><\/p>\n\n\n\n<p>Relev\u00e9 du budget du m\u00e9nage.&nbsp;<a href=\"https:\/\/ci.com\/fr\/ressources\/flux-de-tresorerie.html\" target=\"_blank\" rel=\"noreferrer noopener\">Commencer \u00bb<br><\/a>Relev\u00e9 de la valeur nette.&nbsp;<a href=\"https:\/\/ci.com\/fr\/ressources\/valeur-nette-patrimoniale.html\" target=\"_blank\" rel=\"noreferrer noopener\">Commencer \u00bb<\/a><\/p>\n","protected":false},"excerpt":{"rendered":"<p>Ce calculateur est fourni uniquement \u00e0 des fins illustratives; vous ne devez pas vous y&hellip;<\/p>\n","protected":false},"author":1,"featured_media":0,"parent":0,"menu_order":0,"comment_status":"closed","ping_status":"closed","template":"","meta":[],"_links":{"self":[{"href":"https:\/\/twmg.net\/wealth\/wp-json\/wp\/v2\/pages\/1258"}],"collection":[{"href":"https:\/\/twmg.net\/wealth\/wp-json\/wp\/v2\/pages"}],"about":[{"href":"https:\/\/twmg.net\/wealth\/wp-json\/wp\/v2\/types\/page"}],"author":[{"embeddable":true,"href":"https:\/\/twmg.net\/wealth\/wp-json\/wp\/v2\/users\/1"}],"replies":[{"embeddable":true,"href":"https:\/\/twmg.net\/wealth\/wp-json\/wp\/v2\/comments?post=1258"}],"version-history":[{"count":3,"href":"https:\/\/twmg.net\/wealth\/wp-json\/wp\/v2\/pages\/1258\/revisions"}],"predecessor-version":[{"id":1267,"href":"https:\/\/twmg.net\/wealth\/wp-json\/wp\/v2\/pages\/1258\/revisions\/1267"}],"wp:attachment":[{"href":"https:\/\/twmg.net\/wealth\/wp-json\/wp\/v2\/media?parent=1258"}],"curies":[{"name":"wp","href":"https:\/\/api.w.org\/{rel}","templated":true}]}}