{"id":1255,"date":"2022-05-18T08:58:48","date_gmt":"2022-05-18T12:58:48","guid":{"rendered":"https:\/\/twmg.net\/wealth\/?page_id=1255"},"modified":"2022-05-18T08:58:49","modified_gmt":"2022-05-18T12:58:49","slug":"a-propos-de-nous","status":"publish","type":"page","link":"https:\/\/twmg.net\/wealth\/fr\/a-propos-de-nous","title":{"rendered":"\u00c0 propos de nous"},"content":{"rendered":"\n<figure class=\"wp-block-image size-full\"><img loading=\"lazy\" width=\"600\" height=\"126\" src=\"https:\/\/twmg.net\/wealth\/wp-content\/uploads\/2022\/05\/about-f.jpg\" alt=\"\" class=\"wp-image-1256\" srcset=\"https:\/\/twmg.net\/wealth\/wp-content\/uploads\/2022\/05\/about-f.jpg 600w, https:\/\/twmg.net\/wealth\/wp-content\/uploads\/2022\/05\/about-f-300x63.jpg 300w\" sizes=\"(max-width: 600px) 100vw, 600px\" \/><\/figure>\n\n\n\n<p><strong>LA MEILLEURE \u00c9QUIPE QUE VOUS POUVEZ AVOIR.<\/strong><\/p>\n\n\n\n<p>TWMG Inc. offre un gamme de solution pour chaque aspect de vos besoins financiers. Assurer votre s\u00e9curit\u00e9 financi\u00e8re n\u00e9cessite de la planification, de la discipline et du savoir. Chez TWMG, nous croyons fortement que les investisseurs inform\u00e9s prennent de meilleures d\u00e9cisions financi\u00e8res. \u00c0 ces fins, nous nous effor\u00e7ons de fournir \u00e0 nos clients des solutions financi\u00e8res des plus compl\u00e8tes pour leur permettre d\u2019atteindre leurs objectifs de placement.<\/p>\n\n\n\n<p><strong>Un professionnel de la finance, un \u00e9l\u00e9ment cl\u00e9 pour atteindre vos objectifs financiers<\/strong><\/p>\n\n\n\n<p>M\u00eame les \u00e9pargnants les plus exp\u00e9riment\u00e9s peuvent profiter des connaissances d&#8217;un conseiller financier. L&#8217;accumulation d&#8217;actifs ne repr\u00e9sente qu&#8217;une \u00e9tape d&#8217;un plan financier exhaustif. Un professionnel de la finance peut vous aider \u00e0 \u00e9tablir vos priorit\u00e9s. g\u00e9rer vos flux de tr\u00e9sorerie et \u00e9laborer un plan fiscal et successoral articul\u00e9 pour qu&#8217;une plus grande partie de vos actifs soient l\u00e9gu\u00e9s aux membres de votre famille. Peu importe vos objectifs et votre degr\u00e9 de connaissances. Un conseiller TWMG est un atout incontestable pour am\u00e9liorer tout portefeuille de placement.<\/p>\n\n\n\n<p><strong>Que peut faire un conseiller TWMG pour vous?<\/strong><\/p>\n\n\n\n<p>Gr\u00e2ce \u00e0 leur exp\u00e9rience th\u00e9orique et pratique, nos conseillers peuvent d\u00e9mystifier et rendre moins pr\u00e9occupante la planification de votre avenir financier. Leur t\u00e2che consiste \u00e0 :<\/p>\n\n\n\n<ul><li class=\"\">&nbsp; &nbsp; \u00c9valuer votre situation financi\u00e8re globale actuelle<\/li><li class=\"\">&nbsp; &nbsp; Vous aider \u00e0 mettre sur pied un plan exhaustif<\/li><li class=\"\">&nbsp; &nbsp; Vous expliquer diff\u00e9rents types de placements, y compris les risques pouvant en d\u00e9couler, les avantages et les co\u00fbts<\/li><li class=\"\">&nbsp; &nbsp; Sugg\u00e9rer un portefeuille de placement adapt\u00e9 \u00e0 vos besoins et objectifs<\/li><li class=\"\">&nbsp; &nbsp; Vous aider \u00e0 \u00e9pargner en pr\u00e9vision des \u00e9tudes de vos enfants<\/li><li class=\"\">&nbsp; &nbsp; Structurer vos placements de mani\u00e8re \u00e0 r\u00e9duire ou reporter les imp\u00f4ts<\/li><li class=\"\">&nbsp; &nbsp; Vous aider \u00e0 prendre des d\u00e9cisions \u00e9clair\u00e9es pendant les p\u00e9riodes de volatilit\u00e9 des march\u00e9s<\/li><li class=\"\">&nbsp; &nbsp; D\u00e9terminer si vous \u00eates sur la bonne voie pour atteindre vos objectifs financiers<\/li><li class=\"\">&nbsp; &nbsp; Pr\u00e9voir votre revenu de retraite en coordonnant vos placements personnels, vos rentes et vos prestations gouvernementales<\/li><li class=\"\">&nbsp; &nbsp; Vous guider dans l&#8217;\u00e9laboration d&#8217;un plan successoral<\/li><\/ul>\n\n\n\n<p><strong>\u00c9laborer une strat\u00e9gie<\/strong><\/p>\n\n\n\n<p>Une fois que notre conseiller a dress\u00e9 le bilan de votre situation financi\u00e8re, l&#8217;\u00e9tape suivante consiste \u00e0 revoir vos objectifs et vos aspirations. Il peut s&#8217;agir d&#8217;acheter une maison, de rembourser vos dettes ou de planifier votre retraite. De plus, notre conseiller vous aidera \u00e0 d\u00e9finir vos valeurs et votre attitude envers le risque, car ces facteurs entreront en ligne de compte quand viendra le moment de d\u00e9cider quels placements vous conviennent le mieux.<\/p>\n\n\n\n<p>Lorsque notre conseiller aura \u00e9valu\u00e9 vos objectifs et votre tol\u00e9rance au risque, il vous fera ses recommandations par \u00e9crit sous forme de plan adapt\u00e9 \u00e0 vos besoins. Prenez le temps de bien l&#8217;\u00e9tudier; encore une fois, n&#8217;h\u00e9sitez pas \u00e0 poser des questions ou \u00e0 exprimer vos pr\u00e9occupations, le cas \u00e9ch\u00e9ant.<\/p>\n\n\n\n<p><strong>Tirer le maximum de vos rencontres<\/strong><\/p>\n\n\n\n<p>Ces rencontres sont ax\u00e9es sur vous. T\u00e2chez d&#8217;arriver pr\u00e9par\u00e9 et n&#8217;ayez pas peur de poser des questions. Un conseiller TWMG surveille les al\u00e9as du march\u00e9 et gagne sa vie en partageant son savoir.<\/p>\n\n\n\n<p>Sachez que notre conseiller aura aussi beaucoup de questions \u00e0 vous posez. Ces renseignements permettront \u00e0 notre conseiller d&#8217;avoir une id\u00e9e nette et pr\u00e9cise de votre situation financi\u00e8re.<\/p>\n","protected":false},"excerpt":{"rendered":"<p>LA MEILLEURE \u00c9QUIPE QUE VOUS POUVEZ AVOIR. TWMG Inc. offre un gamme de solution pour&hellip;<\/p>\n","protected":false},"author":1,"featured_media":0,"parent":0,"menu_order":0,"comment_status":"closed","ping_status":"closed","template":"","meta":[],"_links":{"self":[{"href":"https:\/\/twmg.net\/wealth\/wp-json\/wp\/v2\/pages\/1255"}],"collection":[{"href":"https:\/\/twmg.net\/wealth\/wp-json\/wp\/v2\/pages"}],"about":[{"href":"https:\/\/twmg.net\/wealth\/wp-json\/wp\/v2\/types\/page"}],"author":[{"embeddable":true,"href":"https:\/\/twmg.net\/wealth\/wp-json\/wp\/v2\/users\/1"}],"replies":[{"embeddable":true,"href":"https:\/\/twmg.net\/wealth\/wp-json\/wp\/v2\/comments?post=1255"}],"version-history":[{"count":2,"href":"https:\/\/twmg.net\/wealth\/wp-json\/wp\/v2\/pages\/1255\/revisions"}],"predecessor-version":[{"id":2391,"href":"https:\/\/twmg.net\/wealth\/wp-json\/wp\/v2\/pages\/1255\/revisions\/2391"}],"wp:attachment":[{"href":"https:\/\/twmg.net\/wealth\/wp-json\/wp\/v2\/media?parent=1255"}],"curies":[{"name":"wp","href":"https:\/\/api.w.org\/{rel}","templated":true}]}}