{"id":297,"date":"2015-03-02T17:36:43","date_gmt":"2015-03-02T17:36:43","guid":{"rendered":"https:\/\/demo.theme-junkie.com\/flatline\/?page_id=297"},"modified":"2024-09-11T15:26:29","modified_gmt":"2024-09-11T15:26:29","slug":"professionels","status":"publish","type":"page","link":"https:\/\/twmg.net\/partner-fr\/professionels\/","title":{"rendered":"Opportunit\u00e9s professionels"},"content":{"rendered":"\n<p class=\"has-medium-font-size\"><strong>NOTRE MISSION<\/strong><\/p>\n\n\n\n<blockquote class=\"wp-block-quote is-layout-flow wp-block-quote-is-layout-flow\">\n<p class=\"has-medium-font-size\">Chez TWMG Inc., notre mission est de donner les moyens aux individus, professionnels et entreprises en fournissant une base o\u00f9 des professionnels sp\u00e9cialis\u00e9s et talentueux se r\u00e9uniront pour servir l&#8217;humanit\u00e9 gr\u00e2ce \u00e0 une planification strat\u00e9gique et des solutions personnalis\u00e9es. Nous nous engageons \u00e0 favoriser la s\u00e9curit\u00e9 financi\u00e8re et la croissance, guid\u00e9s par nos valeurs fondamentales d&#8217;int\u00e9grit\u00e9, d&#8217;innovation et de service ax\u00e9 sur le client.<\/p>\n<\/blockquote>\n\n\n\n<p class=\"has-medium-font-size\"><strong>Vous \u00eates en voyage et nous souhaitons le rendre m\u00e9morable.<\/strong><\/p>\n\n\n\n<p class=\"has-medium-font-size\">TWMG Inc. propose un concept de guichet unique pour assister les clients dans tous leurs besoins financiers, juridiques et d&#8217;assurance. Nous sommes fiers de notre r\u00e9seau de professionnels qui offre \u00e0 nos clients une solution compl\u00e8te \u00e0 tous leurs besoins.<\/p>\n\n\n\n<p class=\"has-medium-font-size\">Nous invitons les professionnels \u00e0 rejoindre notre r\u00e9seau.<\/p>\n\n\n\n<ul class=\"wp-block-list\">\n<li class=\"has-medium-font-size\">Services de pr\u00e9paration et de d\u00e9claration fiscale (individuelle et d&#8217;entreprise)<\/li>\n\n\n\n<li class=\"has-medium-font-size\">Services de comptabilit\u00e9 et de tenue de livres<\/li>\n\n\n\n<li class=\"has-medium-font-size\">Services notariaux<\/li>\n\n\n\n<li class=\"has-medium-font-size\">Services juridiques<\/li>\n\n\n\n<li class=\"has-medium-font-size\">Courtage hypoth\u00e9caire<\/li>\n\n\n\n<li class=\"has-medium-font-size\">Courtage immobilier<\/li>\n\n\n\n<li class=\"has-medium-font-size\">Services de conseil en immigration<\/li>\n\n\n\n<li class=\"has-medium-font-size\">Location de bureaux en interne<\/li>\n\n\n\n<li class=\"has-medium-font-size\">Autres professionnels<\/li>\n<\/ul>\n\n\n\n<p class=\"has-medium-font-size\"><a href=\"https:\/\/twmg.net\/partner-fr\/contact\/\">Rejoignez notre r\u00e9seau<\/a> en <a href=\"https:\/\/twmg.net\/partner-fr\/investissements\u00e9\">investissements<\/a> ou d&#8217;autres <a href=\"https:\/\/twmg.net\/partner-fr\/professionnels\/\">professionnels<\/a><\/p>\n\n\n<section id=\"tf-stat-374\" class=\"statistics \"  data-sp=\"10\" ><div class=\"statistics-inner\"><div class=\"stat\"  data-count=\"1000\" data-orignal_count=\"1,000\"><span class=\"fa fa-handshake-o\"><\/span><span class=\"number\" ><\/span><span class=\"count-title\">RAISONS DE NOUS JOINDRE<\/span><\/div><div class=\"stat\"  data-count=\"100\" data-orignal_count=\"100\"><span class=\"fa fa-user-plus\"><\/span><span class=\"number\" ><\/span><span class=\"count-title\">% DE SOUTIEN<\/span><\/div><div class=\"stat\"  data-count=\"100\" data-orignal_count=\"100\"><span class=\"fa fa-battery-4\"><\/span><span class=\"number\" ><\/span><span class=\"count-title\">% D&#039;\u00c9NERGIE<\/span><\/div><\/div><\/section>\n","protected":false},"excerpt":{"rendered":"<p>Notre mission est de donner les moyens aux individus, professionnels et entreprises en fournissant une base pour servir l&#8217;humanit\u00e9.<\/p>\n","protected":false},"author":1,"featured_media":406,"parent":0,"menu_order":0,"comment_status":"closed","ping_status":"closed","template":"","meta":{"footnotes":""},"class_list":["post-297","page","type-page","status-publish","has-post-thumbnail","hentry","entry"],"_links":{"self":[{"href":"https:\/\/twmg.net\/partner-fr\/wp-json\/wp\/v2\/pages\/297","targetHints":{"allow":["GET"]}}],"collection":[{"href":"https:\/\/twmg.net\/partner-fr\/wp-json\/wp\/v2\/pages"}],"about":[{"href":"https:\/\/twmg.net\/partner-fr\/wp-json\/wp\/v2\/types\/page"}],"author":[{"embeddable":true,"href":"https:\/\/twmg.net\/partner-fr\/wp-json\/wp\/v2\/users\/1"}],"replies":[{"embeddable":true,"href":"https:\/\/twmg.net\/partner-fr\/wp-json\/wp\/v2\/comments?post=297"}],"version-history":[{"count":9,"href":"https:\/\/twmg.net\/partner-fr\/wp-json\/wp\/v2\/pages\/297\/revisions"}],"predecessor-version":[{"id":424,"href":"https:\/\/twmg.net\/partner-fr\/wp-json\/wp\/v2\/pages\/297\/revisions\/424"}],"wp:featuredmedia":[{"embeddable":true,"href":"https:\/\/twmg.net\/partner-fr\/wp-json\/wp\/v2\/media\/406"}],"wp:attachment":[{"href":"https:\/\/twmg.net\/partner-fr\/wp-json\/wp\/v2\/media?parent=297"}],"curies":[{"name":"wp","href":"https:\/\/api.w.org\/{rel}","templated":true}]}}