{"id":294,"date":"2015-03-02T17:34:13","date_gmt":"2015-03-02T17:34:13","guid":{"rendered":"https:\/\/demo.theme-junkie.com\/flatline\/?page_id=294"},"modified":"2024-09-11T15:25:58","modified_gmt":"2024-09-11T15:25:58","slug":"investissements","status":"publish","type":"page","link":"https:\/\/twmg.net\/partner-fr\/investissements\/","title":{"rendered":"Opprtunit\u00e9s investissements"},"content":{"rendered":"\n<blockquote class=\"wp-block-quote is-layout-flow wp-block-quote-is-layout-flow\">\n<p class=\"has-medium-font-size\">Notre \u00e9quipe est compos\u00e9e de professionnels exp\u00e9riment\u00e9s ayant des ant\u00e9c\u00e9dents solides en finance, investissement et assurance. Chaque membre est d\u00e9di\u00e9 \u00e0 nos valeurs fondamentales et s&#8217;engage \u00e0 fournir des r\u00e9sultats exceptionnels \u00e0 nos clients.<\/p>\n<\/blockquote>\n\n\n\n<p class=\"has-medium-font-size\"><strong>Contactez-nous pour construire votre avenir.<\/strong><\/p>\n\n\n\n<p class=\"has-medium-font-size\"><strong>Opportunit\u00e9s en :<\/strong><\/p>\n\n\n\n<ul class=\"wp-block-list has-medium-font-size\">\n<li class=\"has-medium-font-size\">Investissements<\/li>\n\n\n\n<li class=\"has-medium-font-size\">Assurance vie, invalidit\u00e9 et maladie critique<\/li>\n\n\n\n<li class=\"has-medium-font-size\">Avantages sociaux de groupe<\/li>\n\n\n\n<li class=\"has-medium-font-size\">Planification financi\u00e8re<\/li>\n<\/ul>\n\n\n\n<p class=\"has-medium-font-size\"><strong>Avantages<\/strong><\/p>\n\n\n\n<ul class=\"wp-block-list\">\n<li class=\"has-medium-font-size\">Ind\u00e9pendance<\/li>\n\n\n\n<li class=\"has-medium-font-size\">Tarifs comp\u00e9titifs<\/li>\n\n\n\n<li class=\"has-medium-font-size\">Traitement interne<\/li>\n\n\n\n<li class=\"has-medium-font-size\">Conformit\u00e9<\/li>\n\n\n\n<li class=\"has-medium-font-size\">Ateliers professionnels<\/li>\n\n\n\n<li class=\"has-medium-font-size\">Technologie<\/li>\n\n\n\n<li class=\"has-medium-font-size\">Et bien plus encore\u2026<\/li>\n<\/ul>\n\n\n\n<p class=\"has-medium-font-size\"><a href=\"https:\/\/twmg.net\/partner-fr\/contact\/\">Rejoignez notre r\u00e9seau<\/a> en <a href=\"https:\/\/twmg.net\/partner-fr\/investissements\u00e9\">investissements<\/a> ou d&#8217;autres <a href=\"https:\/\/twmg.net\/partner-fr\/professionnels\/\">professionnels<\/a><\/p>\n\n\n<section id=\"tf-stat-374\" class=\"statistics \"  data-sp=\"10\" ><div class=\"statistics-inner\"><div class=\"stat\"  data-count=\"1000\" data-orignal_count=\"1,000\"><span class=\"fa fa-handshake-o\"><\/span><span class=\"number\" ><\/span><span class=\"count-title\">RAISONS DE NOUS JOINDRE<\/span><\/div><div class=\"stat\"  data-count=\"100\" data-orignal_count=\"100\"><span class=\"fa fa-user-plus\"><\/span><span class=\"number\" ><\/span><span class=\"count-title\">% DE SOUTIEN<\/span><\/div><div class=\"stat\"  data-count=\"100\" data-orignal_count=\"100\"><span class=\"fa fa-battery-4\"><\/span><span class=\"number\" ><\/span><span class=\"count-title\">% D&#039;\u00c9NERGIE<\/span><\/div><\/div><\/section>\n","protected":false},"excerpt":{"rendered":"<p>Notre \u00e9quipe est compos\u00e9e de professionnels exp\u00e9riment\u00e9s ayant des ant\u00e9c\u00e9dents solides en finance, investissement et assurance.<\/p>\n","protected":false},"author":1,"featured_media":405,"parent":0,"menu_order":0,"comment_status":"closed","ping_status":"open","template":"","meta":{"footnotes":""},"class_list":["post-294","page","type-page","status-publish","has-post-thumbnail","hentry","entry"],"_links":{"self":[{"href":"https:\/\/twmg.net\/partner-fr\/wp-json\/wp\/v2\/pages\/294","targetHints":{"allow":["GET"]}}],"collection":[{"href":"https:\/\/twmg.net\/partner-fr\/wp-json\/wp\/v2\/pages"}],"about":[{"href":"https:\/\/twmg.net\/partner-fr\/wp-json\/wp\/v2\/types\/page"}],"author":[{"embeddable":true,"href":"https:\/\/twmg.net\/partner-fr\/wp-json\/wp\/v2\/users\/1"}],"replies":[{"embeddable":true,"href":"https:\/\/twmg.net\/partner-fr\/wp-json\/wp\/v2\/comments?post=294"}],"version-history":[{"count":8,"href":"https:\/\/twmg.net\/partner-fr\/wp-json\/wp\/v2\/pages\/294\/revisions"}],"predecessor-version":[{"id":423,"href":"https:\/\/twmg.net\/partner-fr\/wp-json\/wp\/v2\/pages\/294\/revisions\/423"}],"wp:featuredmedia":[{"embeddable":true,"href":"https:\/\/twmg.net\/partner-fr\/wp-json\/wp\/v2\/media\/405"}],"wp:attachment":[{"href":"https:\/\/twmg.net\/partner-fr\/wp-json\/wp\/v2\/media?parent=294"}],"curies":[{"name":"wp","href":"https:\/\/api.w.org\/{rel}","templated":true}]}}